{"id":5978,"date":"2025-01-14T15:29:19","date_gmt":"2025-01-14T15:29:19","guid":{"rendered":"https:\/\/mustveepuukool.ee\/?post_type=product&#038;p=5978"},"modified":"2026-01-21T14:47:07","modified_gmt":"2026-01-21T14:47:07","slug":"geranium-sanguineum","status":"publish","type":"product","link":"https:\/\/mustveepuukool.ee\/et\/shop\/taimed\/pusikud\/kukerehad\/geranium-sanguineum\/","title":{"rendered":"Geranium sanguineum"},"content":{"rendered":"<p>Pinnakatja. \u00d5ied erkroosad, 2,5cm suurusega. \u00d5itsed pikaajaliselt V\u00e4hen\u00f5udlik.<\/p>","protected":false},"excerpt":{"rendered":"<p>\u0413\u0435\u0440\u0430\u043d\u044c \u043a\u0440\u043e\u0432\u0430\u0432\u043e-\u043a\u0440\u0430\u0441\u043d\u0430\u044f<br \/>\u2191 20 cm \u00f5iega 50 cm <br \/>\u25d1\u3007 <br \/>\ua564 juuni-juuli <br \/>&#8212; 29\u00b0C (5 tsoon)<\/p>","protected":false},"featured_media":5979,"template":"","meta":[],"product_brand":[],"product_cat":[135],"product_tag":[],"class_list":{"0":"post-5978","1":"product","2":"type-product","3":"status-publish","4":"has-post-thumbnail","6":"product_cat-kukerehad","7":"pa_suurus-9cm-pott","9":"first","10":"outofstock","11":"shipping-taxable","12":"purchasable","13":"product-type-variable","14":"has-default-attributes"},"jetpack_sharing_enabled":true,"_links":{"self":[{"href":"https:\/\/mustveepuukool.ee\/et\/wp-json\/wp\/v2\/product\/5978","targetHints":{"allow":["GET"]}}],"collection":[{"href":"https:\/\/mustveepuukool.ee\/et\/wp-json\/wp\/v2\/product"}],"about":[{"href":"https:\/\/mustveepuukool.ee\/et\/wp-json\/wp\/v2\/types\/product"}],"version-history":[{"count":2,"href":"https:\/\/mustveepuukool.ee\/et\/wp-json\/wp\/v2\/product\/5978\/revisions"}],"predecessor-version":[{"id":5982,"href":"https:\/\/mustveepuukool.ee\/et\/wp-json\/wp\/v2\/product\/5978\/revisions\/5982"}],"wp:featuredmedia":[{"embeddable":true,"href":"https:\/\/mustveepuukool.ee\/et\/wp-json\/wp\/v2\/media\/5979"}],"wp:attachment":[{"href":"https:\/\/mustveepuukool.ee\/et\/wp-json\/wp\/v2\/media?parent=5978"}],"wp:term":[{"taxonomy":"product_brand","embeddable":true,"href":"https:\/\/mustveepuukool.ee\/et\/wp-json\/wp\/v2\/product_brand?post=5978"},{"taxonomy":"product_cat","embeddable":true,"href":"https:\/\/mustveepuukool.ee\/et\/wp-json\/wp\/v2\/product_cat?post=5978"},{"taxonomy":"product_tag","embeddable":true,"href":"https:\/\/mustveepuukool.ee\/et\/wp-json\/wp\/v2\/product_tag?post=5978"}],"curies":[{"name":"wp","href":"https:\/\/api.w.org\/{rel}","templated":true}]}}