{"id":599,"date":"2024-01-16T21:26:17","date_gmt":"2024-01-16T21:26:17","guid":{"rendered":"https:\/\/mustveepuukool.ee\/?post_type=product&#038;p=599"},"modified":"2026-01-19T16:54:11","modified_gmt":"2026-01-19T16:54:11","slug":"deutzia-hybrida-mont-rose","status":"publish","type":"product","link":"https:\/\/mustveepuukool.ee\/et\/shop\/taimed\/ilupoosad\/deutsiad\/deutzia-hybrida-mont-rose\/","title":{"rendered":"Deutzia hybrida &#8216;Mont Rose&#8217;"},"content":{"rendered":"<p>\u00d5itseb luksulikult! \u00d5ied t\u00e4hekujulised, l\u00f5hnavad, \u00f5rnalt lillakasroosad. Hiljem muutuvad \u00f5ied valgeks.<\/p>","protected":false},"excerpt":{"rendered":"<p>Aed-deutsia<br \/>\u2191 1,5-2 m <br \/>\u2194 1 m<br \/>\u25d1\u3007 <br \/>\ua564 juuni-juuli <br \/>&#8212; 29\u00b0C (5 tsoon)<\/p>","protected":false},"featured_media":600,"template":"","meta":[],"product_brand":[],"product_cat":[209],"product_tag":[],"class_list":{"0":"post-599","1":"product","2":"type-product","3":"status-publish","4":"has-post-thumbnail","6":"product_cat-deutsiad","7":"pa_suurus-3l-pott","9":"first","10":"outofstock","11":"shipping-taxable","12":"purchasable","13":"product-type-variable","14":"has-default-attributes"},"jetpack_sharing_enabled":true,"_links":{"self":[{"href":"https:\/\/mustveepuukool.ee\/et\/wp-json\/wp\/v2\/product\/599","targetHints":{"allow":["GET"]}}],"collection":[{"href":"https:\/\/mustveepuukool.ee\/et\/wp-json\/wp\/v2\/product"}],"about":[{"href":"https:\/\/mustveepuukool.ee\/et\/wp-json\/wp\/v2\/types\/product"}],"version-history":[{"count":5,"href":"https:\/\/mustveepuukool.ee\/et\/wp-json\/wp\/v2\/product\/599\/revisions"}],"predecessor-version":[{"id":4561,"href":"https:\/\/mustveepuukool.ee\/et\/wp-json\/wp\/v2\/product\/599\/revisions\/4561"}],"wp:featuredmedia":[{"embeddable":true,"href":"https:\/\/mustveepuukool.ee\/et\/wp-json\/wp\/v2\/media\/600"}],"wp:attachment":[{"href":"https:\/\/mustveepuukool.ee\/et\/wp-json\/wp\/v2\/media?parent=599"}],"wp:term":[{"taxonomy":"product_brand","embeddable":true,"href":"https:\/\/mustveepuukool.ee\/et\/wp-json\/wp\/v2\/product_brand?post=599"},{"taxonomy":"product_cat","embeddable":true,"href":"https:\/\/mustveepuukool.ee\/et\/wp-json\/wp\/v2\/product_cat?post=599"},{"taxonomy":"product_tag","embeddable":true,"href":"https:\/\/mustveepuukool.ee\/et\/wp-json\/wp\/v2\/product_tag?post=599"}],"curies":[{"name":"wp","href":"https:\/\/api.w.org\/{rel}","templated":true}]}}