{"id":602,"date":"2024-01-16T21:30:40","date_gmt":"2024-01-16T21:30:40","guid":{"rendered":"https:\/\/mustveepuukool.ee\/?post_type=product&#038;p=602"},"modified":"2026-01-19T16:54:11","modified_gmt":"2026-01-19T16:54:11","slug":"deutzia-scabra-plena","status":"publish","type":"product","link":"https:\/\/mustveepuukool.ee\/et\/shop\/taimed\/ilupoosad\/deutsiad\/deutzia-scabra-plena\/","title":{"rendered":"Deutzia scabra  &#8216;Plena&#8217;"},"content":{"rendered":"<p>\u00d5itseb luksulikult! \u00d5ied on valged, kerge roosaka varjundiga, kellukjad, longus, l\u00f5hnata.<\/p>","protected":false},"excerpt":{"rendered":"<p>Kare deutsia<br \/>\u2191 2-2,5 m <br \/>\u2194 1,5 m<br \/>\u25d1\u3007 <br \/>\ua564 juuni-juuli <br \/>-29\u00b0C (5 tsoon)<\/p>","protected":false},"featured_media":603,"template":"","meta":[],"product_brand":[],"product_cat":[209],"product_tag":[],"class_list":{"0":"post-602","1":"product","2":"type-product","3":"status-publish","4":"has-post-thumbnail","6":"product_cat-deutsiad","7":"pa_suurus-5l-pott","9":"first","10":"outofstock","11":"shipping-taxable","12":"purchasable","13":"product-type-variable","14":"has-default-attributes"},"jetpack_sharing_enabled":true,"_links":{"self":[{"href":"https:\/\/mustveepuukool.ee\/et\/wp-json\/wp\/v2\/product\/602","targetHints":{"allow":["GET"]}}],"collection":[{"href":"https:\/\/mustveepuukool.ee\/et\/wp-json\/wp\/v2\/product"}],"about":[{"href":"https:\/\/mustveepuukool.ee\/et\/wp-json\/wp\/v2\/types\/product"}],"version-history":[{"count":1,"href":"https:\/\/mustveepuukool.ee\/et\/wp-json\/wp\/v2\/product\/602\/revisions"}],"predecessor-version":[{"id":4566,"href":"https:\/\/mustveepuukool.ee\/et\/wp-json\/wp\/v2\/product\/602\/revisions\/4566"}],"wp:featuredmedia":[{"embeddable":true,"href":"https:\/\/mustveepuukool.ee\/et\/wp-json\/wp\/v2\/media\/603"}],"wp:attachment":[{"href":"https:\/\/mustveepuukool.ee\/et\/wp-json\/wp\/v2\/media?parent=602"}],"wp:term":[{"taxonomy":"product_brand","embeddable":true,"href":"https:\/\/mustveepuukool.ee\/et\/wp-json\/wp\/v2\/product_brand?post=602"},{"taxonomy":"product_cat","embeddable":true,"href":"https:\/\/mustveepuukool.ee\/et\/wp-json\/wp\/v2\/product_cat?post=602"},{"taxonomy":"product_tag","embeddable":true,"href":"https:\/\/mustveepuukool.ee\/et\/wp-json\/wp\/v2\/product_tag?post=602"}],"curies":[{"name":"wp","href":"https:\/\/api.w.org\/{rel}","templated":true}]}}