{"id":6046,"date":"2025-01-15T14:39:18","date_gmt":"2025-01-15T14:39:18","guid":{"rendered":"https:\/\/mustveepuukool.ee\/?post_type=product&#038;p=6046"},"modified":"2026-01-21T14:46:42","modified_gmt":"2026-01-21T14:46:42","slug":"hemerocallis-autumn-red","status":"publish","type":"product","link":"https:\/\/mustveepuukool.ee\/et\/shop\/taimed\/pusikud\/paevaliiliad\/hemerocallis-autumn-red\/","title":{"rendered":"Hemerocallis  &#8216;Autumn Red&#8217;"},"content":{"rendered":"<p>\u00d5ied on tumepunased kollasega. V\u00e4hen\u00f5udlik. \u00d5ied ja noored lehed, v\u00f5rsed s\u00f6\u00f6dav.<\/p>","protected":false},"excerpt":{"rendered":"<p>P\u00e4evaliilia<br \/>\u2191 40 cm \u00f5iega 1 m <br \/>\u25d1\u3007 <br \/>\ua564 juuli-august <br \/>&#8212; 29\u00b0C (5 tsoon)<\/p>","protected":false},"featured_media":6047,"template":"","meta":[],"product_brand":[],"product_cat":[139],"product_tag":[],"class_list":{"0":"post-6046","1":"product","2":"type-product","3":"status-publish","4":"has-post-thumbnail","6":"product_cat-paevaliiliad","7":"pa_suurus-9cm-pott","9":"first","10":"outofstock","11":"shipping-taxable","12":"purchasable","13":"product-type-variable","14":"has-default-attributes"},"jetpack_sharing_enabled":true,"_links":{"self":[{"href":"https:\/\/mustveepuukool.ee\/et\/wp-json\/wp\/v2\/product\/6046","targetHints":{"allow":["GET"]}}],"collection":[{"href":"https:\/\/mustveepuukool.ee\/et\/wp-json\/wp\/v2\/product"}],"about":[{"href":"https:\/\/mustveepuukool.ee\/et\/wp-json\/wp\/v2\/types\/product"}],"version-history":[{"count":2,"href":"https:\/\/mustveepuukool.ee\/et\/wp-json\/wp\/v2\/product\/6046\/revisions"}],"predecessor-version":[{"id":6050,"href":"https:\/\/mustveepuukool.ee\/et\/wp-json\/wp\/v2\/product\/6046\/revisions\/6050"}],"wp:featuredmedia":[{"embeddable":true,"href":"https:\/\/mustveepuukool.ee\/et\/wp-json\/wp\/v2\/media\/6047"}],"wp:attachment":[{"href":"https:\/\/mustveepuukool.ee\/et\/wp-json\/wp\/v2\/media?parent=6046"}],"wp:term":[{"taxonomy":"product_brand","embeddable":true,"href":"https:\/\/mustveepuukool.ee\/et\/wp-json\/wp\/v2\/product_brand?post=6046"},{"taxonomy":"product_cat","embeddable":true,"href":"https:\/\/mustveepuukool.ee\/et\/wp-json\/wp\/v2\/product_cat?post=6046"},{"taxonomy":"product_tag","embeddable":true,"href":"https:\/\/mustveepuukool.ee\/et\/wp-json\/wp\/v2\/product_tag?post=6046"}],"curies":[{"name":"wp","href":"https:\/\/api.w.org\/{rel}","templated":true}]}}