{"id":607,"date":"2024-01-17T20:47:30","date_gmt":"2024-01-17T20:47:30","guid":{"rendered":"https:\/\/mustveepuukool.ee\/?post_type=product&#038;p=607"},"modified":"2026-01-19T16:54:11","modified_gmt":"2026-01-19T16:54:11","slug":"deutzia-hybrida-strawberry-fields","status":"publish","type":"product","link":"https:\/\/mustveepuukool.ee\/et\/shop\/taimed\/ilupoosad\/deutsiad\/deutzia-hybrida-strawberry-fields\/","title":{"rendered":"Deutzia hybrida &#8216;Strawberry Fields&#8217;"},"content":{"rendered":"<p>\u00dcldmulje on siiski s\u00e4rav ja pidulik. \u00d5ied t\u00e4hekujulised, l\u00f5hnavad, \u00f5ie sisemus heledam roosa, kroonlehtede v\u00e4limised tipud roosakaspunased.<\/p>","protected":false},"excerpt":{"rendered":"<div><span data-canva-clipboard=\"ewAiAGEAIgA6ADUALAAiAGgAIgA6ACIAdwB3AHcALgBjAGEAbgB2AGEALgBjAG8AbQAiACwAIgBjACIAOgAiAEQAQQBGADAAQwBqAEsARwBoAFQASQAiACwAIgBpACIAOgAiAFMAZABNAEMAbABDAHgAXwBDAGMANgBqAGEAQgBOAC0AcQBvAGoARQB5AGcAIgAsACIAYgAiADoAMQA3ADAANQAzADMAOAA1ADAANwAyADAANgAsACIAQQA\/ACIAOgAiAEIAIgAsACIAQQAiADoAWwB7ACIAQQAiADoANAA1ADMALgA4ADkANAAxADMANgAwADYANAAwADQAMQAyACwAIgBCACIAOgAyADYANAAuADUAMwA3ADgAOQAzADcAMAAwADcAOAA3ADQALAAiAEQAIgA6ADIANgA0AC4ANgAyADUALAAiAEMAIgA6ADEANQA4AC4AMQAzADMAMwA0ACwAIgBBAD8AIgA6ACIASwAiACwAIgBhACIAOgB7ACIAQQAiADoAWwB7ACIAQQA\/ACIAOgAiAEEAIgAsACIAQQAiADoAIgCRITEANQAwAGMAbQAgAJQhIAAxADUAMABjAG0AIABcAG4A0SUHMFwAbgBkpSAAagB1AHUAbgBpAC0AagB1AHUAbABpAFwAbgAgAC0AMgA5ALAAQwAgACgANQAgAHQAcwBvAG8AbgApAFwAbgAiAH0AXQAsACIAQgAiADoAWwB7ACIAQQA\/ACIAOgAiAEEAIgAsACIAQQAiADoAewAiAGYAbwBuAHQALQBmAGEAbQBpAGwAeQAiADoAewAiAEIAIgA6ACIAWQBBAEYAZABKAHQAOABkAEEAWQAwACwAMAAiAH0ALAAiAGYAbwBuAHQALQBzAGkAegBlACIAOgB7ACIAQgAiADoAIgAyADkALgAzADMAMwAzACIAfQAsACIAdABlAHgAdAAtAGEAbABpAGcAbgAiADoAewAiAEIAIgA6ACIAYwBlAG4AdABlAHIAIgB9AH0AfQAsAHsAIgBBAD8AIgA6ACIAQgAiACwAIgBBACIAOgAxADYAfQAsAHsAIgBBAD8AIgA6ACIAQQAiACwAIgBBACIAOgB7ACIAZgBvAG4AdAAtAGYAYQBtAGkAbAB5ACIAOgB7ACIAQQAiADoAIgBZAEEARgBkAEoAdAA4AGQAQQBZADAALAAwACIAfQAsACIAZgBvAG4AdAAtAHMAaQB6AGUAIgA6AHsAIgBBACIAOgAiADIAOQAuADMAMwAzADMAIgB9AH0AfQAsAHsAIgBBAD8AIgA6ACIAQgAiACwAIgBBACIAOgAyAH0ALAB7ACIAQQA\/ACIAOgAiAEEAIgAsACIAQQAiADoAewAiAGYAbwBuAHQALQBmAGEAbQBpAGwAeQAiADoAewAiAEIAIgA6ACIAWQBBAEYAZABKAHQAOABkAEEAWQAwACwAMAAiAH0ALAAiAGYAbwBuAHQALQBzAGkAegBlACIAOgB7ACIAQgAiADoAIgAyADkALgAzADMAMwAzACIAfQB9AH0ALAB7ACIAQQA\/ACIAOgAiAEIAIgAsACIAQQAiADoAMQA1AH0ALAB7ACIAQQA\/ACIAOgAiAEEAIgAsACIAQQAiADoAewAiAGYAbwBuAHQALQBmAGEAbQBpAGwAeQAiADoAewAiAEEAIgA6ACIAWQBBAEYAZABKAHQAOABkAEEAWQAwACwAMAAiAH0ALAAiAGYAbwBuAHQALQBzAGkAegBlACIAOgB7ACIAQQAiADoAIgAyADkALgAzADMAMwAzACIAfQB9AH0ALAB7ACIAQQA\/ACIAOgAiAEIAIgAsACIAQQAiADoAMQA2AH0ALAB7ACIAQQA\/ACIAOgAiAEEAIgAsACIAQQAiADoAewAiAGYAbwBuAHQALQBzAHQAeQBsAGUAIgA6AHsAIgBCACIAOgAiAG4AbwByAG0AYQBsACIAfQAsACIAZgBvAG4AdAAtAHcAZQBpAGcAaAB0ACIAOgB7ACIAQgAiADoAIgBuAG8AcgBtAGEAbAAiAH0ALAAiAGMAbwBsAG8AcgAiADoAewAiAEIAIgA6ACIAIwAwADAAMAAwADAAMAAiAH0ALAAiAGYAbwBuAHQALQBmAGEAbQBpAGwAeQAiADoAewAiAEIAIgA6ACIAWQBBAEYAZABKAHQAOABkAEEAWQAwACwAMAAiAH0ALAAiAGYAbwBuAHQALQBzAGkAegBlACIAOgB7ACIAQgAiADoAIgAyADkALgAzADMAMwAzACIAfQB9AH0ALAB7ACIAQQA\/ACIAOgAiAEIAIgAsACIAQQAiADoAMQB9ACwAewAiAEEAPwAiADoAIgBBACIALAAiAEEAIgA6AHsAIgB0AGUAeAB0AC0AYQBsAGkAZwBuACIAOgB7ACIAQQAiADoAIgBjAGUAbgB0AGUAcgAiAH0ALAAiAGMAbwBsAG8AcgAiADoAewAiAEEAIgA6ACIAIwAwADAAMAAwADAAMAAiAH0ALAAiAGYAbwBuAHQALQB3AGUAaQBnAGgAdAAiADoAewAiAEEAIgA6ACIAbgBvAHIAbQBhAGwAIgB9ACwAIgBmAG8AbgB0AC0AcwBpAHoAZQAiADoAewAiAEEAIgA6ACIAMgA5AC4AMwAzADMAMwAiAH0ALAAiAGYAbwBuAHQALQBmAGEAbQBpAGwAeQAiADoAewAiAEEAIgA6ACIAWQBBAEYAZABKAHQAOABkAEEAWQAwACwAMAAiAH0ALAAiAGYAbwBuAHQALQBzAHQAeQBsAGUAIgA6AHsAIgBBACIAOgAiAG4AbwByAG0AYQBsACIAfQB9AH0AXQB9ACwAIgBiACIAOgB7ACIAQQAiADoAWwAxADYALAAzACwAMQA0ACwAMQA3AF0AfQAsACIAZAAiADoAIgBBACIALAAiAGcAIgA6AGYAYQBsAHMAZQAsACIAaAAiADoAIgBCACIAfQBdACwAIgBCACIAOgA3ADkAMwAuADcAMAAwADcAOAA3ADQAMAAxADUANwA0ADgALAAiAEMAIgA6ADEAMQAyADIALgA1ADEAOQA2ADgANQAwADMAOQAzADcAfQA=\"><\/span><\/div>\n<p>Aed-deutsia<br \/><span>\u2191 150cm <\/span><br \/><span>\u2194 150cm <\/span><br \/><span>\u25d1\u3007<\/span><br \/><span> \ua564 juuni-juuli <\/span><br \/><span>-29\u00b0C (5 tsoon)<\/span><\/p>","protected":false},"featured_media":608,"template":"","meta":[],"product_brand":[],"product_cat":[209],"product_tag":[],"class_list":{"0":"post-607","1":"product","2":"type-product","3":"status-publish","4":"has-post-thumbnail","6":"product_cat-deutsiad","7":"pa_suurus-3l-pott","9":"first","10":"outofstock","11":"shipping-taxable","12":"purchasable","13":"product-type-variable","14":"has-default-attributes"},"jetpack_sharing_enabled":true,"_links":{"self":[{"href":"https:\/\/mustveepuukool.ee\/et\/wp-json\/wp\/v2\/product\/607","targetHints":{"allow":["GET"]}}],"collection":[{"href":"https:\/\/mustveepuukool.ee\/et\/wp-json\/wp\/v2\/product"}],"about":[{"href":"https:\/\/mustveepuukool.ee\/et\/wp-json\/wp\/v2\/types\/product"}],"version-history":[{"count":1,"href":"https:\/\/mustveepuukool.ee\/et\/wp-json\/wp\/v2\/product\/607\/revisions"}],"predecessor-version":[{"id":4562,"href":"https:\/\/mustveepuukool.ee\/et\/wp-json\/wp\/v2\/product\/607\/revisions\/4562"}],"wp:featuredmedia":[{"embeddable":true,"href":"https:\/\/mustveepuukool.ee\/et\/wp-json\/wp\/v2\/media\/608"}],"wp:attachment":[{"href":"https:\/\/mustveepuukool.ee\/et\/wp-json\/wp\/v2\/media?parent=607"}],"wp:term":[{"taxonomy":"product_brand","embeddable":true,"href":"https:\/\/mustveepuukool.ee\/et\/wp-json\/wp\/v2\/product_brand?post=607"},{"taxonomy":"product_cat","embeddable":true,"href":"https:\/\/mustveepuukool.ee\/et\/wp-json\/wp\/v2\/product_cat?post=607"},{"taxonomy":"product_tag","embeddable":true,"href":"https:\/\/mustveepuukool.ee\/et\/wp-json\/wp\/v2\/product_tag?post=607"}],"curies":[{"name":"wp","href":"https:\/\/api.w.org\/{rel}","templated":true}]}}