{"id":6103,"date":"2025-01-15T17:07:37","date_gmt":"2025-01-15T17:07:37","guid":{"rendered":"https:\/\/mustveepuukool.ee\/?post_type=product&#038;p=6103"},"modified":"2026-01-21T14:46:42","modified_gmt":"2026-01-21T14:46:42","slug":"hosta-lipstick-blonde","status":"publish","type":"product","link":"https:\/\/mustveepuukool.ee\/et\/shop\/taimed\/pusikud\/hostad\/hosta-lipstick-blonde\/","title":{"rendered":"Hosta &#8216;Lipstick Blonde&#8217;"},"content":{"rendered":"<p>Punastel varel pikad kollased lehed. P\u00e4ikesekohas p\u00fcsib kollane v\u00e4rv paremini. \u00d5ied on lillad. V\u00e4hen\u00f5udlik.<\/p>","protected":false},"excerpt":{"rendered":"<p>Hosta<br \/>\u2191 35 cm \u00f5iega 50 cm <br \/>\u25d1\u3007 <br \/>\ua564 juuli <br \/>&#8212; 29\u00b0C (5 tsoon)<\/p>","protected":false},"featured_media":6104,"template":"","meta":[],"product_brand":[],"product_cat":[141],"product_tag":[],"class_list":{"0":"post-6103","1":"product","2":"type-product","3":"status-publish","4":"has-post-thumbnail","6":"product_cat-hostad","7":"pa_suurus-9cm-pott","9":"first","10":"outofstock","11":"shipping-taxable","12":"purchasable","13":"product-type-variable","14":"has-default-attributes"},"jetpack_sharing_enabled":true,"_links":{"self":[{"href":"https:\/\/mustveepuukool.ee\/et\/wp-json\/wp\/v2\/product\/6103","targetHints":{"allow":["GET"]}}],"collection":[{"href":"https:\/\/mustveepuukool.ee\/et\/wp-json\/wp\/v2\/product"}],"about":[{"href":"https:\/\/mustveepuukool.ee\/et\/wp-json\/wp\/v2\/types\/product"}],"version-history":[{"count":2,"href":"https:\/\/mustveepuukool.ee\/et\/wp-json\/wp\/v2\/product\/6103\/revisions"}],"predecessor-version":[{"id":6107,"href":"https:\/\/mustveepuukool.ee\/et\/wp-json\/wp\/v2\/product\/6103\/revisions\/6107"}],"wp:featuredmedia":[{"embeddable":true,"href":"https:\/\/mustveepuukool.ee\/et\/wp-json\/wp\/v2\/media\/6104"}],"wp:attachment":[{"href":"https:\/\/mustveepuukool.ee\/et\/wp-json\/wp\/v2\/media?parent=6103"}],"wp:term":[{"taxonomy":"product_brand","embeddable":true,"href":"https:\/\/mustveepuukool.ee\/et\/wp-json\/wp\/v2\/product_brand?post=6103"},{"taxonomy":"product_cat","embeddable":true,"href":"https:\/\/mustveepuukool.ee\/et\/wp-json\/wp\/v2\/product_cat?post=6103"},{"taxonomy":"product_tag","embeddable":true,"href":"https:\/\/mustveepuukool.ee\/et\/wp-json\/wp\/v2\/product_tag?post=6103"}],"curies":[{"name":"wp","href":"https:\/\/api.w.org\/{rel}","templated":true}]}}