{"id":611,"date":"2024-01-18T10:31:22","date_gmt":"2024-01-18T10:31:22","guid":{"rendered":"https:\/\/mustveepuukool.ee\/?post_type=product&#038;p=611"},"modified":"2026-01-19T16:54:11","modified_gmt":"2026-01-19T16:54:11","slug":"kolkwitzia-amabilis-pink-cloud","status":"publish","type":"product","link":"https:\/\/mustveepuukool.ee\/et\/shop\/taimed\/ilupoosad\/muud-ilupoosad\/kolkwitzia-amabilis-pink-cloud\/","title":{"rendered":"Kolkwitzia amabilis &#8216;Pink Cloud&#8217;"},"content":{"rendered":"<p>Kaarjate okste ja roosade kellukjate \u00f5itega p\u00f5\u00f5sas. \u00d5itseb nagu roosa pilv. \u00c4ra\u00f5itsenud \u00f5isikud p\u00fcsivad kaua dekoratiivsed. P\u00f5\u00f5sal on ilus oran\u017eikas kuni punakas s\u00fcgisv\u00e4rv.<\/p>","protected":false},"excerpt":{"rendered":"<p>Kolkvitsia<br \/>\u2191 2,5m <br \/>\u2194 1,5-2m <br \/>\u25d1\u3007 <br \/>\ua564 juuni <br \/>&#8212; 29\u00b0C (5 tsoon)<\/p>","protected":false},"featured_media":612,"template":"","meta":[],"product_brand":[],"product_cat":[127],"product_tag":[],"class_list":{"0":"post-611","1":"product","2":"type-product","3":"status-publish","4":"has-post-thumbnail","6":"product_cat-muud-ilupoosad","7":"pa_suurus-5l-pott","9":"first","10":"outofstock","11":"shipping-taxable","12":"purchasable","13":"product-type-variable","14":"has-default-attributes"},"jetpack_sharing_enabled":true,"_links":{"self":[{"href":"https:\/\/mustveepuukool.ee\/et\/wp-json\/wp\/v2\/product\/611","targetHints":{"allow":["GET"]}}],"collection":[{"href":"https:\/\/mustveepuukool.ee\/et\/wp-json\/wp\/v2\/product"}],"about":[{"href":"https:\/\/mustveepuukool.ee\/et\/wp-json\/wp\/v2\/types\/product"}],"version-history":[{"count":1,"href":"https:\/\/mustveepuukool.ee\/et\/wp-json\/wp\/v2\/product\/611\/revisions"}],"predecessor-version":[{"id":4604,"href":"https:\/\/mustveepuukool.ee\/et\/wp-json\/wp\/v2\/product\/611\/revisions\/4604"}],"wp:featuredmedia":[{"embeddable":true,"href":"https:\/\/mustveepuukool.ee\/et\/wp-json\/wp\/v2\/media\/612"}],"wp:attachment":[{"href":"https:\/\/mustveepuukool.ee\/et\/wp-json\/wp\/v2\/media?parent=611"}],"wp:term":[{"taxonomy":"product_brand","embeddable":true,"href":"https:\/\/mustveepuukool.ee\/et\/wp-json\/wp\/v2\/product_brand?post=611"},{"taxonomy":"product_cat","embeddable":true,"href":"https:\/\/mustveepuukool.ee\/et\/wp-json\/wp\/v2\/product_cat?post=611"},{"taxonomy":"product_tag","embeddable":true,"href":"https:\/\/mustveepuukool.ee\/et\/wp-json\/wp\/v2\/product_tag?post=611"}],"curies":[{"name":"wp","href":"https:\/\/api.w.org\/{rel}","templated":true}]}}