{"id":6124,"date":"2025-01-15T18:37:23","date_gmt":"2025-01-15T18:37:23","guid":{"rendered":"https:\/\/mustveepuukool.ee\/?post_type=product&#038;p=6124"},"modified":"2026-01-21T14:46:06","modified_gmt":"2026-01-21T14:46:06","slug":"iberis-pink-ice","status":"publish","type":"product","link":"https:\/\/mustveepuukool.ee\/et\/shop\/taimed\/pusikud\/muud-pusikud\/iberis-pink-ice\/","title":{"rendered":"Iberis &#8216;Pink Ice&#8217;"},"content":{"rendered":"<p>Igihaljas. \u00d5ied on heleroosad. \u00d5itseb rikkalikult kaks korda hooajas. Dekoratiivne l\u00e4bi hooaja. V\u00e4hen\u00f5udlik.<\/p>","protected":false},"excerpt":{"rendered":"<p>Ibeeris<br \/>\u2191 30 cm <br \/>\u2194 50 cm <br \/>\u25d1\u3007 <br \/>\ua564 mai-juuni ja augustis <br \/>&#8212; 29\u00b0C (5 tsoon)<\/p>","protected":false},"featured_media":6125,"template":"","meta":[],"product_brand":[],"product_cat":[111],"product_tag":[],"class_list":{"0":"post-6124","1":"product","2":"type-product","3":"status-publish","4":"has-post-thumbnail","6":"product_cat-muud-pusikud","7":"pa_suurus-9cm-pott","9":"first","10":"outofstock","11":"shipping-taxable","12":"purchasable","13":"product-type-variable","14":"has-default-attributes"},"jetpack_sharing_enabled":true,"_links":{"self":[{"href":"https:\/\/mustveepuukool.ee\/et\/wp-json\/wp\/v2\/product\/6124","targetHints":{"allow":["GET"]}}],"collection":[{"href":"https:\/\/mustveepuukool.ee\/et\/wp-json\/wp\/v2\/product"}],"about":[{"href":"https:\/\/mustveepuukool.ee\/et\/wp-json\/wp\/v2\/types\/product"}],"version-history":[{"count":2,"href":"https:\/\/mustveepuukool.ee\/et\/wp-json\/wp\/v2\/product\/6124\/revisions"}],"predecessor-version":[{"id":6128,"href":"https:\/\/mustveepuukool.ee\/et\/wp-json\/wp\/v2\/product\/6124\/revisions\/6128"}],"wp:featuredmedia":[{"embeddable":true,"href":"https:\/\/mustveepuukool.ee\/et\/wp-json\/wp\/v2\/media\/6125"}],"wp:attachment":[{"href":"https:\/\/mustveepuukool.ee\/et\/wp-json\/wp\/v2\/media?parent=6124"}],"wp:term":[{"taxonomy":"product_brand","embeddable":true,"href":"https:\/\/mustveepuukool.ee\/et\/wp-json\/wp\/v2\/product_brand?post=6124"},{"taxonomy":"product_cat","embeddable":true,"href":"https:\/\/mustveepuukool.ee\/et\/wp-json\/wp\/v2\/product_cat?post=6124"},{"taxonomy":"product_tag","embeddable":true,"href":"https:\/\/mustveepuukool.ee\/et\/wp-json\/wp\/v2\/product_tag?post=6124"}],"curies":[{"name":"wp","href":"https:\/\/api.w.org\/{rel}","templated":true}]}}