{"id":6145,"date":"2025-01-18T21:14:01","date_gmt":"2025-01-18T21:14:01","guid":{"rendered":"https:\/\/mustveepuukool.ee\/?post_type=product&#038;p=6145"},"modified":"2026-01-21T14:46:06","modified_gmt":"2026-01-21T14:46:06","slug":"iberis-sempervirens","status":"publish","type":"product","link":"https:\/\/mustveepuukool.ee\/et\/shop\/taimed\/pusikud\/muud-pusikud\/iberis-sempervirens\/","title":{"rendered":"Iberis sempervirens"},"content":{"rendered":"<p>Igihaljas. \u00d5ied on valged. \u00d5itseb rikkalikult kaks korda hooajas. Dekoratiivne l\u00e4bi hooaja. V\u00e4hen\u00f5udlik.<\/p>","protected":false},"excerpt":{"rendered":"<p>Ibeeris<br \/>\u2191 30 cm <br \/>\u2194 50 cm <br \/>\u25d1\u3007 <br \/>\ua564 mai-juuni ja augustis <br \/>&#8212; 29\u00b0C (5 tsoon)<\/p>","protected":false},"featured_media":6146,"template":"","meta":[],"product_brand":[],"product_cat":[111],"product_tag":[],"class_list":{"0":"post-6145","1":"product","2":"type-product","3":"status-publish","4":"has-post-thumbnail","6":"product_cat-muud-pusikud","7":"pa_suurus-9cm-pott","9":"first","10":"outofstock","11":"shipping-taxable","12":"purchasable","13":"product-type-variable","14":"has-default-attributes"},"jetpack_sharing_enabled":true,"_links":{"self":[{"href":"https:\/\/mustveepuukool.ee\/et\/wp-json\/wp\/v2\/product\/6145","targetHints":{"allow":["GET"]}}],"collection":[{"href":"https:\/\/mustveepuukool.ee\/et\/wp-json\/wp\/v2\/product"}],"about":[{"href":"https:\/\/mustveepuukool.ee\/et\/wp-json\/wp\/v2\/types\/product"}],"version-history":[{"count":2,"href":"https:\/\/mustveepuukool.ee\/et\/wp-json\/wp\/v2\/product\/6145\/revisions"}],"predecessor-version":[{"id":6149,"href":"https:\/\/mustveepuukool.ee\/et\/wp-json\/wp\/v2\/product\/6145\/revisions\/6149"}],"wp:featuredmedia":[{"embeddable":true,"href":"https:\/\/mustveepuukool.ee\/et\/wp-json\/wp\/v2\/media\/6146"}],"wp:attachment":[{"href":"https:\/\/mustveepuukool.ee\/et\/wp-json\/wp\/v2\/media?parent=6145"}],"wp:term":[{"taxonomy":"product_brand","embeddable":true,"href":"https:\/\/mustveepuukool.ee\/et\/wp-json\/wp\/v2\/product_brand?post=6145"},{"taxonomy":"product_cat","embeddable":true,"href":"https:\/\/mustveepuukool.ee\/et\/wp-json\/wp\/v2\/product_cat?post=6145"},{"taxonomy":"product_tag","embeddable":true,"href":"https:\/\/mustveepuukool.ee\/et\/wp-json\/wp\/v2\/product_tag?post=6145"}],"curies":[{"name":"wp","href":"https:\/\/api.w.org\/{rel}","templated":true}]}}