{"id":623,"date":"2024-01-18T11:21:25","date_gmt":"2024-01-18T11:21:25","guid":{"rendered":"https:\/\/mustveepuukool.ee\/?post_type=product&#038;p=623"},"modified":"2026-01-19T16:54:11","modified_gmt":"2026-01-19T16:54:11","slug":"spiraea-japonica-genpei","status":"publish","type":"product","link":"https:\/\/mustveepuukool.ee\/et\/shop\/taimed\/ilupoosad\/enelad\/spiraea-japonica-genpei\/","title":{"rendered":"Spiraea japonica &#8216;Genpei&#8217;"},"content":{"rendered":"<p>Kahev\u00e4rvilised \u00f5iend. Valged ja roosad, sageli \u00fches \u00f5isikus. Tihedav\u00f5raline heitlehine ilup\u00f5\u00f5sas.<\/p>","protected":false},"excerpt":{"rendered":"<p>Jaapani enelas<br \/>\u2191 70 cm <br \/>\u2194 70 cm <br \/>\u25d1\u3007 <br \/>\ua564 juuni-august <br \/>&#8212; 29\u00b0C (5 tsoon)<\/p>","protected":false},"featured_media":624,"template":"","meta":[],"product_brand":[],"product_cat":[83],"product_tag":[],"class_list":{"0":"post-623","1":"product","2":"type-product","3":"status-publish","4":"has-post-thumbnail","6":"product_cat-enelad","7":"pa_suurus-2l-pott","8":"pa_suurus-5l-pott","10":"first","11":"outofstock","12":"shipping-taxable","13":"purchasable","14":"product-type-variable","15":"has-default-attributes"},"jetpack_sharing_enabled":true,"_links":{"self":[{"href":"https:\/\/mustveepuukool.ee\/et\/wp-json\/wp\/v2\/product\/623","targetHints":{"allow":["GET"]}}],"collection":[{"href":"https:\/\/mustveepuukool.ee\/et\/wp-json\/wp\/v2\/product"}],"about":[{"href":"https:\/\/mustveepuukool.ee\/et\/wp-json\/wp\/v2\/types\/product"}],"version-history":[{"count":1,"href":"https:\/\/mustveepuukool.ee\/et\/wp-json\/wp\/v2\/product\/623\/revisions"}],"predecessor-version":[{"id":4748,"href":"https:\/\/mustveepuukool.ee\/et\/wp-json\/wp\/v2\/product\/623\/revisions\/4748"}],"wp:featuredmedia":[{"embeddable":true,"href":"https:\/\/mustveepuukool.ee\/et\/wp-json\/wp\/v2\/media\/624"}],"wp:attachment":[{"href":"https:\/\/mustveepuukool.ee\/et\/wp-json\/wp\/v2\/media?parent=623"}],"wp:term":[{"taxonomy":"product_brand","embeddable":true,"href":"https:\/\/mustveepuukool.ee\/et\/wp-json\/wp\/v2\/product_brand?post=623"},{"taxonomy":"product_cat","embeddable":true,"href":"https:\/\/mustveepuukool.ee\/et\/wp-json\/wp\/v2\/product_cat?post=623"},{"taxonomy":"product_tag","embeddable":true,"href":"https:\/\/mustveepuukool.ee\/et\/wp-json\/wp\/v2\/product_tag?post=623"}],"curies":[{"name":"wp","href":"https:\/\/api.w.org\/{rel}","templated":true}]}}