{"id":6240,"date":"2025-01-19T20:23:34","date_gmt":"2025-01-19T20:23:34","guid":{"rendered":"https:\/\/mustveepuukool.ee\/?post_type=product&#038;p=6240"},"modified":"2026-01-21T14:46:06","modified_gmt":"2026-01-21T14:46:06","slug":"leucanthemum-superbum-white-lion","status":"publish","type":"product","link":"https:\/\/mustveepuukool.ee\/et\/shop\/taimed\/pusikud\/harjasilmad\/leucanthemum-superbum-white-lion\/","title":{"rendered":"Leucanthemum superbum  &#8216;White Lion&#8217;"},"content":{"rendered":"<p>Madalakasvuline. \u00d5ied on suured, valged, poolt\u00e4idis\u00f5ied. V\u00e4hen\u00f5udlik.<\/p>","protected":false},"excerpt":{"rendered":"<p>H\u00e4rjasilm<br \/>\u2191 20cm \u00f5iega 35 cm <br \/>\u25d1\u3007 <br \/>\ua564 juuni-august <br \/>&#8212; 29\u00b0C (5 tsoon)<\/p>","protected":false},"featured_media":6241,"template":"","meta":[],"product_brand":[],"product_cat":[144],"product_tag":[],"class_list":{"0":"post-6240","1":"product","2":"type-product","3":"status-publish","4":"has-post-thumbnail","6":"product_cat-harjasilmad","7":"pa_suurus-9cm-pott","9":"first","10":"outofstock","11":"shipping-taxable","12":"purchasable","13":"product-type-variable","14":"has-default-attributes"},"jetpack_sharing_enabled":true,"_links":{"self":[{"href":"https:\/\/mustveepuukool.ee\/et\/wp-json\/wp\/v2\/product\/6240","targetHints":{"allow":["GET"]}}],"collection":[{"href":"https:\/\/mustveepuukool.ee\/et\/wp-json\/wp\/v2\/product"}],"about":[{"href":"https:\/\/mustveepuukool.ee\/et\/wp-json\/wp\/v2\/types\/product"}],"version-history":[{"count":2,"href":"https:\/\/mustveepuukool.ee\/et\/wp-json\/wp\/v2\/product\/6240\/revisions"}],"predecessor-version":[{"id":6244,"href":"https:\/\/mustveepuukool.ee\/et\/wp-json\/wp\/v2\/product\/6240\/revisions\/6244"}],"wp:featuredmedia":[{"embeddable":true,"href":"https:\/\/mustveepuukool.ee\/et\/wp-json\/wp\/v2\/media\/6241"}],"wp:attachment":[{"href":"https:\/\/mustveepuukool.ee\/et\/wp-json\/wp\/v2\/media?parent=6240"}],"wp:term":[{"taxonomy":"product_brand","embeddable":true,"href":"https:\/\/mustveepuukool.ee\/et\/wp-json\/wp\/v2\/product_brand?post=6240"},{"taxonomy":"product_cat","embeddable":true,"href":"https:\/\/mustveepuukool.ee\/et\/wp-json\/wp\/v2\/product_cat?post=6240"},{"taxonomy":"product_tag","embeddable":true,"href":"https:\/\/mustveepuukool.ee\/et\/wp-json\/wp\/v2\/product_tag?post=6240"}],"curies":[{"name":"wp","href":"https:\/\/api.w.org\/{rel}","templated":true}]}}