{"id":626,"date":"2024-01-18T11:29:36","date_gmt":"2024-01-18T11:29:36","guid":{"rendered":"https:\/\/mustveepuukool.ee\/?post_type=product&#038;p=626"},"modified":"2026-01-19T16:54:11","modified_gmt":"2026-01-19T16:54:11","slug":"spiraea-japonica-goldflame","status":"publish","type":"product","link":"https:\/\/mustveepuukool.ee\/et\/shop\/taimed\/ilupoosad\/enelad\/spiraea-japonica-goldflame\/","title":{"rendered":"Spiraea japonica &#8216;Goldflame&#8217;"},"content":{"rendered":"<p>Taim on nagu l\u00f5ke, kui uued lehed tulevad. Roosakaspunased \u00f5ied. Vaskne s\u00fcgisv\u00e4rv.<\/p>","protected":false},"excerpt":{"rendered":"<p>Jaapani<strong> <\/strong>enelas<br \/>\u2191 60 cm <br \/>\u2194 60 cm <br \/>\u25d1\u3007 <br \/>\ua564 juuni-september <br \/>&#8212; 29\u00b0C (5 tsoon)<\/p>","protected":false},"featured_media":627,"template":"","meta":[],"product_brand":[],"product_cat":[83],"product_tag":[],"class_list":{"0":"post-626","1":"product","2":"type-product","3":"status-publish","4":"has-post-thumbnail","6":"product_cat-enelad","7":"pa_suurus-1l-pott","8":"pa_suurus-3l-pott","9":"pa_suurus-5l-pott","11":"first","12":"outofstock","13":"shipping-taxable","14":"purchasable","15":"product-type-variable","16":"has-default-attributes"},"jetpack_sharing_enabled":true,"_links":{"self":[{"href":"https:\/\/mustveepuukool.ee\/et\/wp-json\/wp\/v2\/product\/626","targetHints":{"allow":["GET"]}}],"collection":[{"href":"https:\/\/mustveepuukool.ee\/et\/wp-json\/wp\/v2\/product"}],"about":[{"href":"https:\/\/mustveepuukool.ee\/et\/wp-json\/wp\/v2\/types\/product"}],"version-history":[{"count":1,"href":"https:\/\/mustveepuukool.ee\/et\/wp-json\/wp\/v2\/product\/626\/revisions"}],"predecessor-version":[{"id":4751,"href":"https:\/\/mustveepuukool.ee\/et\/wp-json\/wp\/v2\/product\/626\/revisions\/4751"}],"wp:featuredmedia":[{"embeddable":true,"href":"https:\/\/mustveepuukool.ee\/et\/wp-json\/wp\/v2\/media\/627"}],"wp:attachment":[{"href":"https:\/\/mustveepuukool.ee\/et\/wp-json\/wp\/v2\/media?parent=626"}],"wp:term":[{"taxonomy":"product_brand","embeddable":true,"href":"https:\/\/mustveepuukool.ee\/et\/wp-json\/wp\/v2\/product_brand?post=626"},{"taxonomy":"product_cat","embeddable":true,"href":"https:\/\/mustveepuukool.ee\/et\/wp-json\/wp\/v2\/product_cat?post=626"},{"taxonomy":"product_tag","embeddable":true,"href":"https:\/\/mustveepuukool.ee\/et\/wp-json\/wp\/v2\/product_tag?post=626"}],"curies":[{"name":"wp","href":"https:\/\/api.w.org\/{rel}","templated":true}]}}