{"id":6266,"date":"2025-01-19T21:07:05","date_gmt":"2025-01-19T21:07:05","guid":{"rendered":"https:\/\/mustveepuukool.ee\/?post_type=product&#038;p=6266"},"modified":"2026-04-19T11:05:45","modified_gmt":"2026-04-19T11:05:45","slug":"ligustrum-vulgare","status":"publish","type":"product","link":"https:\/\/mustveepuukool.ee\/et\/shop\/taimed\/ilupoosad\/muud-ilupoosad\/ligustrum-vulgare\/","title":{"rendered":"Ligustrum vulgare"},"content":{"rendered":"<p>Lehed p\u00fcsivad p\u00f5\u00f5sal talveni. \u00d5isikud on kreemikas valged, aromaatsed. Viljad on mustad, kergelt m\u00fcrgised. Meelitab mesilasi ja liblikaid. V\u00e4hen\u00f5udlik.<\/p>","protected":false},"excerpt":{"rendered":"<p>Harilik liguster<br \/>\u2191 2-3 m <br \/>\u25cf\u25d1\u3007 <br \/>\ua564 juuni <br \/>&#8212; 29\u00b0C (5 tsoon)<\/p>","protected":false},"featured_media":6267,"template":"","meta":[],"product_brand":[],"product_cat":[127],"product_tag":[],"class_list":{"0":"post-6266","1":"product","2":"type-product","3":"status-publish","4":"has-post-thumbnail","6":"product_cat-muud-ilupoosad","7":"pa_suurus-30-cm","9":"first","10":"outofstock","11":"shipping-taxable","12":"purchasable","13":"product-type-variable","14":"has-default-attributes"},"jetpack_sharing_enabled":true,"_links":{"self":[{"href":"https:\/\/mustveepuukool.ee\/et\/wp-json\/wp\/v2\/product\/6266","targetHints":{"allow":["GET"]}}],"collection":[{"href":"https:\/\/mustveepuukool.ee\/et\/wp-json\/wp\/v2\/product"}],"about":[{"href":"https:\/\/mustveepuukool.ee\/et\/wp-json\/wp\/v2\/types\/product"}],"version-history":[{"count":2,"href":"https:\/\/mustveepuukool.ee\/et\/wp-json\/wp\/v2\/product\/6266\/revisions"}],"predecessor-version":[{"id":6270,"href":"https:\/\/mustveepuukool.ee\/et\/wp-json\/wp\/v2\/product\/6266\/revisions\/6270"}],"wp:featuredmedia":[{"embeddable":true,"href":"https:\/\/mustveepuukool.ee\/et\/wp-json\/wp\/v2\/media\/6267"}],"wp:attachment":[{"href":"https:\/\/mustveepuukool.ee\/et\/wp-json\/wp\/v2\/media?parent=6266"}],"wp:term":[{"taxonomy":"product_brand","embeddable":true,"href":"https:\/\/mustveepuukool.ee\/et\/wp-json\/wp\/v2\/product_brand?post=6266"},{"taxonomy":"product_cat","embeddable":true,"href":"https:\/\/mustveepuukool.ee\/et\/wp-json\/wp\/v2\/product_cat?post=6266"},{"taxonomy":"product_tag","embeddable":true,"href":"https:\/\/mustveepuukool.ee\/et\/wp-json\/wp\/v2\/product_tag?post=6266"}],"curies":[{"name":"wp","href":"https:\/\/api.w.org\/{rel}","templated":true}]}}