{"id":631,"date":"2024-01-18T12:10:54","date_gmt":"2024-01-18T12:10:54","guid":{"rendered":"https:\/\/mustveepuukool.ee\/?post_type=product&#038;p=631"},"modified":"2026-01-19T16:54:11","modified_gmt":"2026-01-19T16:54:11","slug":"symphoricarpos-doorenbosii-magic-berry","status":"publish","type":"product","link":"https:\/\/mustveepuukool.ee\/et\/shop\/taimed\/ilupoosad\/muud-ilupoosad\/symphoricarpos-doorenbosii-magic-berry\/","title":{"rendered":"Symphoricarpos doorenbosii &#8216;Magic Berry&#8217;"},"content":{"rendered":"<p>P\u00f5\u00f5sal on armsad pisikesed roosad \u00f5ied, mis meelitavad kohale erinevaid tolmeldajaid. \u00d5itest valmivad s\u00fcgiseks pilkup\u00fc\u00fcdvad imearmsad \u00fcmarad, roosad lumemarjad.<\/p>","protected":false},"excerpt":{"rendered":"<p>Lumimari<br \/>\u2191 90-100 cm <br \/>\u2194 90-100 cm <br \/>\u25d1\u3007 <br \/>\ua564 juuni-august <br \/>&#8212; 29\u00b0C (5 tsoon)<\/p>","protected":false},"featured_media":632,"template":"","meta":[],"product_brand":[],"product_cat":[127],"product_tag":[],"class_list":{"0":"post-631","1":"product","2":"type-product","3":"status-publish","4":"has-post-thumbnail","6":"product_cat-muud-ilupoosad","7":"pa_suurus-15l-pott","8":"pa_suurus-3l-pott","10":"first","11":"outofstock","12":"shipping-taxable","13":"purchasable","14":"product-type-variable","15":"has-default-attributes"},"jetpack_sharing_enabled":true,"_links":{"self":[{"href":"https:\/\/mustveepuukool.ee\/et\/wp-json\/wp\/v2\/product\/631","targetHints":{"allow":["GET"]}}],"collection":[{"href":"https:\/\/mustveepuukool.ee\/et\/wp-json\/wp\/v2\/product"}],"about":[{"href":"https:\/\/mustveepuukool.ee\/et\/wp-json\/wp\/v2\/types\/product"}],"version-history":[{"count":2,"href":"https:\/\/mustveepuukool.ee\/et\/wp-json\/wp\/v2\/product\/631\/revisions"}],"predecessor-version":[{"id":4830,"href":"https:\/\/mustveepuukool.ee\/et\/wp-json\/wp\/v2\/product\/631\/revisions\/4830"}],"wp:featuredmedia":[{"embeddable":true,"href":"https:\/\/mustveepuukool.ee\/et\/wp-json\/wp\/v2\/media\/632"}],"wp:attachment":[{"href":"https:\/\/mustveepuukool.ee\/et\/wp-json\/wp\/v2\/media?parent=631"}],"wp:term":[{"taxonomy":"product_brand","embeddable":true,"href":"https:\/\/mustveepuukool.ee\/et\/wp-json\/wp\/v2\/product_brand?post=631"},{"taxonomy":"product_cat","embeddable":true,"href":"https:\/\/mustveepuukool.ee\/et\/wp-json\/wp\/v2\/product_cat?post=631"},{"taxonomy":"product_tag","embeddable":true,"href":"https:\/\/mustveepuukool.ee\/et\/wp-json\/wp\/v2\/product_tag?post=631"}],"curies":[{"name":"wp","href":"https:\/\/api.w.org\/{rel}","templated":true}]}}