{"id":6316,"date":"2025-01-21T14:57:31","date_gmt":"2025-01-21T14:57:31","guid":{"rendered":"https:\/\/mustveepuukool.ee\/?post_type=product&#038;p=6316"},"modified":"2026-04-23T10:15:49","modified_gmt":"2026-04-23T10:15:49","slug":"lonicera-caerulea-atut","status":"publish","type":"product","link":"https:\/\/mustveepuukool.ee\/et\/shop\/taimed\/viljapuud-ja-marjad\/kuuslapuu\/lonicera-caerulea-atut\/","title":{"rendered":"Lonicera caerulea &#8216;Atut&#8217;"},"content":{"rendered":"<p>Esimesed marjad aias. \u00d5ied kollased, l\u00f5hnav, s\u00f6\u00f6dav, kasutatakse roogade kaunistamiseks. Marjad tume-sinised. Putukate lemmik.<\/p>","protected":false},"excerpt":{"rendered":"<p>S\u00f6\u00f6dav kuslapuu<br \/>\u2191 1-1,5 m <br \/>\u2194 1 m <br \/>\u25d1\u3007 <br \/>\ua564 mai <br \/>&#8212; 29\u00b0C (5 tsoon)<\/p>","protected":false},"featured_media":6317,"template":"","meta":[],"product_brand":[],"product_cat":[103],"product_tag":[],"class_list":{"0":"post-6316","1":"product","2":"type-product","3":"status-publish","4":"has-post-thumbnail","6":"product_cat-kuuslapuu","8":"first","9":"instock","10":"shipping-taxable","11":"purchasable","12":"product-type-simple"},"jetpack_sharing_enabled":true,"_links":{"self":[{"href":"https:\/\/mustveepuukool.ee\/et\/wp-json\/wp\/v2\/product\/6316","targetHints":{"allow":["GET"]}}],"collection":[{"href":"https:\/\/mustveepuukool.ee\/et\/wp-json\/wp\/v2\/product"}],"about":[{"href":"https:\/\/mustveepuukool.ee\/et\/wp-json\/wp\/v2\/types\/product"}],"version-history":[{"count":2,"href":"https:\/\/mustveepuukool.ee\/et\/wp-json\/wp\/v2\/product\/6316\/revisions"}],"predecessor-version":[{"id":6320,"href":"https:\/\/mustveepuukool.ee\/et\/wp-json\/wp\/v2\/product\/6316\/revisions\/6320"}],"wp:featuredmedia":[{"embeddable":true,"href":"https:\/\/mustveepuukool.ee\/et\/wp-json\/wp\/v2\/media\/6317"}],"wp:attachment":[{"href":"https:\/\/mustveepuukool.ee\/et\/wp-json\/wp\/v2\/media?parent=6316"}],"wp:term":[{"taxonomy":"product_brand","embeddable":true,"href":"https:\/\/mustveepuukool.ee\/et\/wp-json\/wp\/v2\/product_brand?post=6316"},{"taxonomy":"product_cat","embeddable":true,"href":"https:\/\/mustveepuukool.ee\/et\/wp-json\/wp\/v2\/product_cat?post=6316"},{"taxonomy":"product_tag","embeddable":true,"href":"https:\/\/mustveepuukool.ee\/et\/wp-json\/wp\/v2\/product_tag?post=6316"}],"curies":[{"name":"wp","href":"https:\/\/api.w.org\/{rel}","templated":true}]}}