{"id":6341,"date":"2025-01-21T15:38:03","date_gmt":"2025-01-21T15:38:03","guid":{"rendered":"https:\/\/mustveepuukool.ee\/?post_type=product&#038;p=6341"},"modified":"2026-01-21T14:45:39","modified_gmt":"2026-01-21T14:45:39","slug":"lupinus-polyphyllus-gallery-pink","status":"publish","type":"product","link":"https:\/\/mustveepuukool.ee\/et\/shop\/taimed\/pusikud\/muud-pusikud\/lupinus-polyphyllus-gallery-pink\/","title":{"rendered":"Lupinus polyphyllus &#8216;Gallery Pink&#8217;"},"content":{"rendered":"<p>K\u00e4\u00e4bussort. \u00d5ied on roosad. Lehed on palmilehe kujulised. Kui \u00f5itsenud \u00f5isikud \u00e4ra noppida, siis ilmuvad uued uhked \u00f5ievarred. V\u00e4hen\u00f5udlik.<\/p>","protected":false},"excerpt":{"rendered":"<p>Lupiin (Hundiuba)<br \/>\u2191 60 cm <br \/>\u2194 40 cm <br \/>\u25d1\u3007 <br \/>\ua564 juuni-juuli <br \/>&#8212; 29\u00b0C (5 tsoon)<\/p>","protected":false},"featured_media":6342,"template":"","meta":[],"product_brand":[],"product_cat":[111],"product_tag":[],"class_list":{"0":"post-6341","1":"product","2":"type-product","3":"status-publish","4":"has-post-thumbnail","6":"product_cat-muud-pusikud","7":"pa_suurus-9cm-pott","9":"first","10":"outofstock","11":"shipping-taxable","12":"purchasable","13":"product-type-variable","14":"has-default-attributes"},"jetpack_sharing_enabled":true,"_links":{"self":[{"href":"https:\/\/mustveepuukool.ee\/et\/wp-json\/wp\/v2\/product\/6341","targetHints":{"allow":["GET"]}}],"collection":[{"href":"https:\/\/mustveepuukool.ee\/et\/wp-json\/wp\/v2\/product"}],"about":[{"href":"https:\/\/mustveepuukool.ee\/et\/wp-json\/wp\/v2\/types\/product"}],"version-history":[{"count":2,"href":"https:\/\/mustveepuukool.ee\/et\/wp-json\/wp\/v2\/product\/6341\/revisions"}],"predecessor-version":[{"id":6345,"href":"https:\/\/mustveepuukool.ee\/et\/wp-json\/wp\/v2\/product\/6341\/revisions\/6345"}],"wp:featuredmedia":[{"embeddable":true,"href":"https:\/\/mustveepuukool.ee\/et\/wp-json\/wp\/v2\/media\/6342"}],"wp:attachment":[{"href":"https:\/\/mustveepuukool.ee\/et\/wp-json\/wp\/v2\/media?parent=6341"}],"wp:term":[{"taxonomy":"product_brand","embeddable":true,"href":"https:\/\/mustveepuukool.ee\/et\/wp-json\/wp\/v2\/product_brand?post=6341"},{"taxonomy":"product_cat","embeddable":true,"href":"https:\/\/mustveepuukool.ee\/et\/wp-json\/wp\/v2\/product_cat?post=6341"},{"taxonomy":"product_tag","embeddable":true,"href":"https:\/\/mustveepuukool.ee\/et\/wp-json\/wp\/v2\/product_tag?post=6341"}],"curies":[{"name":"wp","href":"https:\/\/api.w.org\/{rel}","templated":true}]}}