{"id":6352,"date":"2025-01-21T15:48:24","date_gmt":"2025-01-21T15:48:24","guid":{"rendered":"https:\/\/mustveepuukool.ee\/?post_type=product&#038;p=6352"},"modified":"2026-04-13T14:01:54","modified_gmt":"2026-04-13T14:01:54","slug":"lythrum-virgatum-dropmore-purple","status":"publish","type":"product","link":"https:\/\/mustveepuukool.ee\/et\/shop\/taimed\/pusikud\/kukesabad\/lythrum-virgatum-dropmore-purple\/","title":{"rendered":"Lythrum virgatum  &#8216;Dropmore Purple&#8217;"},"content":{"rendered":"<p>\u00d5ied on purpurjad. Meeldib m\u00e4rjemal pinnal. Meelitab mesilasi ja liblikaid. \u00d5itseb pikaajaliselt ja rikkalikult. V\u00e4hen\u00f5udlik.<\/p>","protected":false},"excerpt":{"rendered":"<p>Vitsjas kukesaba<br \/>\u2191 1,2m \u00f5iega <br \/>\u2194 50cm <br \/>\u25d1\u3007 <br \/>\ua564 juuni-september <br \/>&#8212; 29\u00b0C (5 tsoon)<\/p>","protected":false},"featured_media":6353,"template":"","meta":[],"product_brand":[],"product_cat":[148],"product_tag":[],"class_list":{"0":"post-6352","1":"product","2":"type-product","3":"status-publish","4":"has-post-thumbnail","6":"product_cat-kukesabad","7":"pa_suurus-18-cm-pott","9":"first","10":"instock","11":"shipping-taxable","12":"purchasable","13":"product-type-variable","14":"has-default-attributes"},"jetpack_sharing_enabled":true,"_links":{"self":[{"href":"https:\/\/mustveepuukool.ee\/et\/wp-json\/wp\/v2\/product\/6352","targetHints":{"allow":["GET"]}}],"collection":[{"href":"https:\/\/mustveepuukool.ee\/et\/wp-json\/wp\/v2\/product"}],"about":[{"href":"https:\/\/mustveepuukool.ee\/et\/wp-json\/wp\/v2\/types\/product"}],"version-history":[{"count":2,"href":"https:\/\/mustveepuukool.ee\/et\/wp-json\/wp\/v2\/product\/6352\/revisions"}],"predecessor-version":[{"id":6356,"href":"https:\/\/mustveepuukool.ee\/et\/wp-json\/wp\/v2\/product\/6352\/revisions\/6356"}],"wp:featuredmedia":[{"embeddable":true,"href":"https:\/\/mustveepuukool.ee\/et\/wp-json\/wp\/v2\/media\/6353"}],"wp:attachment":[{"href":"https:\/\/mustveepuukool.ee\/et\/wp-json\/wp\/v2\/media?parent=6352"}],"wp:term":[{"taxonomy":"product_brand","embeddable":true,"href":"https:\/\/mustveepuukool.ee\/et\/wp-json\/wp\/v2\/product_brand?post=6352"},{"taxonomy":"product_cat","embeddable":true,"href":"https:\/\/mustveepuukool.ee\/et\/wp-json\/wp\/v2\/product_cat?post=6352"},{"taxonomy":"product_tag","embeddable":true,"href":"https:\/\/mustveepuukool.ee\/et\/wp-json\/wp\/v2\/product_tag?post=6352"}],"curies":[{"name":"wp","href":"https:\/\/api.w.org\/{rel}","templated":true}]}}