{"id":6357,"date":"2025-01-21T15:51:55","date_gmt":"2025-01-21T15:51:55","guid":{"rendered":"https:\/\/mustveepuukool.ee\/?post_type=product&#038;p=6357"},"modified":"2026-04-13T13:58:40","modified_gmt":"2026-04-13T13:58:40","slug":"lythrum-salicaria-blush","status":"publish","type":"product","link":"https:\/\/mustveepuukool.ee\/et\/shop\/taimed\/pusikud\/kukesabad\/lythrum-salicaria-blush\/","title":{"rendered":"Lythrum salicaria &#8216;Blush&#8217;"},"content":{"rendered":"<p>\u00d5ied on heleroosad. Meeldib m\u00e4rjemal pinnal. Meelitab mesilasi ja liblikaid. \u00d5itseb pikaajaliselt ja rikkalikult. V\u00e4hen\u00f5udlik.<\/p>","protected":false},"excerpt":{"rendered":"<p>Harilik kukesaba<br \/>\u2191 1,2m \u00f5iega <br \/>\u2194 60cm <br \/>\u25d1\u3007 <br \/>\ua564 juuni-september <br \/>&#8212; 29\u00b0C (5 tsoon)<\/p>","protected":false},"featured_media":9196,"template":"","meta":[],"product_brand":[],"product_cat":[148],"product_tag":[],"class_list":{"0":"post-6357","1":"product","2":"type-product","3":"status-publish","4":"has-post-thumbnail","6":"product_cat-kukesabad","7":"pa_suurus-18-cm-pott","9":"first","10":"instock","11":"shipping-taxable","12":"purchasable","13":"product-type-variable","14":"has-default-attributes"},"jetpack_sharing_enabled":true,"_links":{"self":[{"href":"https:\/\/mustveepuukool.ee\/et\/wp-json\/wp\/v2\/product\/6357","targetHints":{"allow":["GET"]}}],"collection":[{"href":"https:\/\/mustveepuukool.ee\/et\/wp-json\/wp\/v2\/product"}],"about":[{"href":"https:\/\/mustveepuukool.ee\/et\/wp-json\/wp\/v2\/types\/product"}],"version-history":[{"count":2,"href":"https:\/\/mustveepuukool.ee\/et\/wp-json\/wp\/v2\/product\/6357\/revisions"}],"predecessor-version":[{"id":6361,"href":"https:\/\/mustveepuukool.ee\/et\/wp-json\/wp\/v2\/product\/6357\/revisions\/6361"}],"wp:featuredmedia":[{"embeddable":true,"href":"https:\/\/mustveepuukool.ee\/et\/wp-json\/wp\/v2\/media\/9196"}],"wp:attachment":[{"href":"https:\/\/mustveepuukool.ee\/et\/wp-json\/wp\/v2\/media?parent=6357"}],"wp:term":[{"taxonomy":"product_brand","embeddable":true,"href":"https:\/\/mustveepuukool.ee\/et\/wp-json\/wp\/v2\/product_brand?post=6357"},{"taxonomy":"product_cat","embeddable":true,"href":"https:\/\/mustveepuukool.ee\/et\/wp-json\/wp\/v2\/product_cat?post=6357"},{"taxonomy":"product_tag","embeddable":true,"href":"https:\/\/mustveepuukool.ee\/et\/wp-json\/wp\/v2\/product_tag?post=6357"}],"curies":[{"name":"wp","href":"https:\/\/api.w.org\/{rel}","templated":true}]}}