{"id":636,"date":"2024-01-18T12:30:28","date_gmt":"2024-01-18T12:30:28","guid":{"rendered":"https:\/\/mustveepuukool.ee\/?post_type=product&#038;p=636"},"modified":"2026-01-19T16:54:11","modified_gmt":"2026-01-19T16:54:11","slug":"weigela-florida-variegata","status":"publish","type":"product","link":"https:\/\/mustveepuukool.ee\/et\/shop\/taimed\/ilupoosad\/veigelad\/weigela-florida-variegata\/","title":{"rendered":"Weigela florida &#8216;Variegata&#8217;"},"content":{"rendered":"<p>Rohelistel lehtedel on kaunis kreemjasvalge ebakorrap\u00e4rane \u00e4\u00e4ristus. Kellukjad valged kuni erinevas toonis roosad \u00f5ied. \u00dcmara kujuga k\u00e4\u00e4buskasvuline p\u00f5\u00f5sas.<\/p>","protected":false},"excerpt":{"rendered":"<p>Kaunis veigela<br \/>\u2191 100-150cm <br \/>\u2194 100-150cm <br \/>\u25d1\u3007 <br \/>\ua564 juuni-juuli <br \/>&#8212; 29\u00b0C (5 tsoon)<\/p>","protected":false},"featured_media":637,"template":"","meta":[],"product_brand":[],"product_cat":[56],"product_tag":[],"class_list":{"0":"post-636","1":"product","2":"type-product","3":"status-publish","4":"has-post-thumbnail","6":"product_cat-veigelad","7":"pa_suurus-3l-pott","8":"pa_suurus-9cm-pott","10":"first","11":"outofstock","12":"shipping-taxable","13":"purchasable","14":"product-type-variable","15":"has-default-attributes"},"jetpack_sharing_enabled":true,"_links":{"self":[{"href":"https:\/\/mustveepuukool.ee\/et\/wp-json\/wp\/v2\/product\/636","targetHints":{"allow":["GET"]}}],"collection":[{"href":"https:\/\/mustveepuukool.ee\/et\/wp-json\/wp\/v2\/product"}],"about":[{"href":"https:\/\/mustveepuukool.ee\/et\/wp-json\/wp\/v2\/types\/product"}],"version-history":[{"count":2,"href":"https:\/\/mustveepuukool.ee\/et\/wp-json\/wp\/v2\/product\/636\/revisions"}],"predecessor-version":[{"id":4587,"href":"https:\/\/mustveepuukool.ee\/et\/wp-json\/wp\/v2\/product\/636\/revisions\/4587"}],"wp:featuredmedia":[{"embeddable":true,"href":"https:\/\/mustveepuukool.ee\/et\/wp-json\/wp\/v2\/media\/637"}],"wp:attachment":[{"href":"https:\/\/mustveepuukool.ee\/et\/wp-json\/wp\/v2\/media?parent=636"}],"wp:term":[{"taxonomy":"product_brand","embeddable":true,"href":"https:\/\/mustveepuukool.ee\/et\/wp-json\/wp\/v2\/product_brand?post=636"},{"taxonomy":"product_cat","embeddable":true,"href":"https:\/\/mustveepuukool.ee\/et\/wp-json\/wp\/v2\/product_cat?post=636"},{"taxonomy":"product_tag","embeddable":true,"href":"https:\/\/mustveepuukool.ee\/et\/wp-json\/wp\/v2\/product_tag?post=636"}],"curies":[{"name":"wp","href":"https:\/\/api.w.org\/{rel}","templated":true}]}}