{"id":6393,"date":"2025-01-22T08:28:03","date_gmt":"2025-01-22T08:28:03","guid":{"rendered":"https:\/\/mustveepuukool.ee\/?post_type=product&#038;p=6393"},"modified":"2026-01-19T16:45:52","modified_gmt":"2026-01-19T16:45:52","slug":"mahonia-aquifolium","status":"publish","type":"product","link":"https:\/\/mustveepuukool.ee\/et\/shop\/taimed\/ilupoosad\/muud-ilupoosad\/mahonia-aquifolium\/","title":{"rendered":"Mahonia aquifolium"},"content":{"rendered":"<p>Igihaljas. Lehed on l\u00e4ikiv, rohelised (s\u00fcgisel tumepunased). \u00d5ied kollased, l\u00f5hnav, meelitab mesilased. Viljad on tume- sinised, s\u00f6\u00f6dav. V\u00e4hen\u00f5udlik.<\/p>","protected":false},"excerpt":{"rendered":"<p>L\u00e4iklehine mahoonia, ehk Oregoni viinamari<br \/>\u2191 1m <br \/>\u2194 1m <br \/>\u25cf\u25d1\u3007 <br \/>\ua564 aprill-mai <br \/>&#8212; 29\u00b0C (5 tsoon)<\/p>","protected":false},"featured_media":6394,"template":"","meta":[],"product_brand":[],"product_cat":[127],"product_tag":[],"class_list":{"0":"post-6393","1":"product","2":"type-product","3":"status-publish","4":"has-post-thumbnail","6":"product_cat-muud-ilupoosad","7":"pa_suurus-2l-pott","9":"first","10":"outofstock","11":"shipping-taxable","12":"purchasable","13":"product-type-variable","14":"has-default-attributes"},"jetpack_sharing_enabled":true,"_links":{"self":[{"href":"https:\/\/mustveepuukool.ee\/et\/wp-json\/wp\/v2\/product\/6393","targetHints":{"allow":["GET"]}}],"collection":[{"href":"https:\/\/mustveepuukool.ee\/et\/wp-json\/wp\/v2\/product"}],"about":[{"href":"https:\/\/mustveepuukool.ee\/et\/wp-json\/wp\/v2\/types\/product"}],"version-history":[{"count":2,"href":"https:\/\/mustveepuukool.ee\/et\/wp-json\/wp\/v2\/product\/6393\/revisions"}],"predecessor-version":[{"id":6398,"href":"https:\/\/mustveepuukool.ee\/et\/wp-json\/wp\/v2\/product\/6393\/revisions\/6398"}],"wp:featuredmedia":[{"embeddable":true,"href":"https:\/\/mustveepuukool.ee\/et\/wp-json\/wp\/v2\/media\/6394"}],"wp:attachment":[{"href":"https:\/\/mustveepuukool.ee\/et\/wp-json\/wp\/v2\/media?parent=6393"}],"wp:term":[{"taxonomy":"product_brand","embeddable":true,"href":"https:\/\/mustveepuukool.ee\/et\/wp-json\/wp\/v2\/product_brand?post=6393"},{"taxonomy":"product_cat","embeddable":true,"href":"https:\/\/mustveepuukool.ee\/et\/wp-json\/wp\/v2\/product_cat?post=6393"},{"taxonomy":"product_tag","embeddable":true,"href":"https:\/\/mustveepuukool.ee\/et\/wp-json\/wp\/v2\/product_tag?post=6393"}],"curies":[{"name":"wp","href":"https:\/\/api.w.org\/{rel}","templated":true}]}}