{"id":6399,"date":"2025-01-22T08:32:32","date_gmt":"2025-01-22T08:32:32","guid":{"rendered":"https:\/\/mustveepuukool.ee\/?post_type=product&#038;p=6399"},"modified":"2026-05-03T12:41:27","modified_gmt":"2026-05-03T12:41:27","slug":"mandevilla-dipladenia-sundaville","status":"publish","type":"product","link":"https:\/\/mustveepuukool.ee\/et\/shop\/taimed\/suvelilled\/mandevilla-dipladenia-sundaville\/","title":{"rendered":"Mandevilla (Dipladenia) &#8216;Sundaville&#8217;"},"content":{"rendered":"<p>Suvelill v\u00f5i toataim. Rooniv v\u00f5i rippuv. \u00d5itseb varasuvest pikaajaliselt ja rikkalikult k\u00fclmadeni. V\u00e4hen\u00f5udlik.<\/p>","protected":false},"excerpt":{"rendered":"<p>Mandvilli<\/p>","protected":false},"featured_media":16902,"template":"","meta":[],"product_brand":[],"product_cat":[118],"product_tag":[],"class_list":{"0":"post-6399","1":"product","2":"type-product","3":"status-publish","4":"has-post-thumbnail","6":"product_cat-suvelilled","7":"pa_suurus-10-cm-pott","8":"pa_suurus-13cm-pott","9":"pa_suurus-17cm-pott","11":"first","12":"instock","13":"shipping-taxable","14":"purchasable","15":"product-type-variable","16":"has-default-attributes"},"jetpack_sharing_enabled":true,"_links":{"self":[{"href":"https:\/\/mustveepuukool.ee\/et\/wp-json\/wp\/v2\/product\/6399","targetHints":{"allow":["GET"]}}],"collection":[{"href":"https:\/\/mustveepuukool.ee\/et\/wp-json\/wp\/v2\/product"}],"about":[{"href":"https:\/\/mustveepuukool.ee\/et\/wp-json\/wp\/v2\/types\/product"}],"version-history":[{"count":2,"href":"https:\/\/mustveepuukool.ee\/et\/wp-json\/wp\/v2\/product\/6399\/revisions"}],"predecessor-version":[{"id":6404,"href":"https:\/\/mustveepuukool.ee\/et\/wp-json\/wp\/v2\/product\/6399\/revisions\/6404"}],"wp:featuredmedia":[{"embeddable":true,"href":"https:\/\/mustveepuukool.ee\/et\/wp-json\/wp\/v2\/media\/16902"}],"wp:attachment":[{"href":"https:\/\/mustveepuukool.ee\/et\/wp-json\/wp\/v2\/media?parent=6399"}],"wp:term":[{"taxonomy":"product_brand","embeddable":true,"href":"https:\/\/mustveepuukool.ee\/et\/wp-json\/wp\/v2\/product_brand?post=6399"},{"taxonomy":"product_cat","embeddable":true,"href":"https:\/\/mustveepuukool.ee\/et\/wp-json\/wp\/v2\/product_cat?post=6399"},{"taxonomy":"product_tag","embeddable":true,"href":"https:\/\/mustveepuukool.ee\/et\/wp-json\/wp\/v2\/product_tag?post=6399"}],"curies":[{"name":"wp","href":"https:\/\/api.w.org\/{rel}","templated":true}]}}