{"id":642,"date":"2024-01-18T12:44:02","date_gmt":"2024-01-18T12:44:02","guid":{"rendered":"https:\/\/mustveepuukool.ee\/?post_type=product&#038;p=642"},"modified":"2026-01-19T16:51:51","modified_gmt":"2026-01-19T16:51:51","slug":"potentilla-fruticosa-abbotswood","status":"publish","type":"product","link":"https:\/\/mustveepuukool.ee\/et\/shop\/taimed\/ilupoosad\/maranad\/potentilla-fruticosa-abbotswood\/","title":{"rendered":"Potentilla fruticosa &#8216;Abbotswood&#8217;"},"content":{"rendered":"<p>\u00dcks v\u00e4hestest s\u00fcgisel \u00f5itsevatest p\u00f5\u00f5sastest. \u00d5itseb kuni k\u00fclmadeni v\u00e4lja.<\/p>","protected":false},"excerpt":{"rendered":"<p>Harilik p\u00f5\u00f5sasmaran<br \/>\u2191 1,2 m <br \/>\u2194 1,2 m <br \/>\u25d1\u3007 <br \/>\ua564 juuni-oktoober <br \/>&#8212; 29\u00b0C (5 tsoon)<\/p>","protected":false},"featured_media":643,"template":"","meta":[],"product_brand":[],"product_cat":[79],"product_tag":[],"class_list":{"0":"post-642","1":"product","2":"type-product","3":"status-publish","4":"has-post-thumbnail","6":"product_cat-maranad","7":"pa_suurus-3l-pott","9":"first","10":"outofstock","11":"shipping-taxable","12":"purchasable","13":"product-type-variable","14":"has-default-attributes"},"jetpack_sharing_enabled":true,"_links":{"self":[{"href":"https:\/\/mustveepuukool.ee\/et\/wp-json\/wp\/v2\/product\/642","targetHints":{"allow":["GET"]}}],"collection":[{"href":"https:\/\/mustveepuukool.ee\/et\/wp-json\/wp\/v2\/product"}],"about":[{"href":"https:\/\/mustveepuukool.ee\/et\/wp-json\/wp\/v2\/types\/product"}],"version-history":[{"count":2,"href":"https:\/\/mustveepuukool.ee\/et\/wp-json\/wp\/v2\/product\/642\/revisions"}],"predecessor-version":[{"id":4685,"href":"https:\/\/mustveepuukool.ee\/et\/wp-json\/wp\/v2\/product\/642\/revisions\/4685"}],"wp:featuredmedia":[{"embeddable":true,"href":"https:\/\/mustveepuukool.ee\/et\/wp-json\/wp\/v2\/media\/643"}],"wp:attachment":[{"href":"https:\/\/mustveepuukool.ee\/et\/wp-json\/wp\/v2\/media?parent=642"}],"wp:term":[{"taxonomy":"product_brand","embeddable":true,"href":"https:\/\/mustveepuukool.ee\/et\/wp-json\/wp\/v2\/product_brand?post=642"},{"taxonomy":"product_cat","embeddable":true,"href":"https:\/\/mustveepuukool.ee\/et\/wp-json\/wp\/v2\/product_cat?post=642"},{"taxonomy":"product_tag","embeddable":true,"href":"https:\/\/mustveepuukool.ee\/et\/wp-json\/wp\/v2\/product_tag?post=642"}],"curies":[{"name":"wp","href":"https:\/\/api.w.org\/{rel}","templated":true}]}}