{"id":6454,"date":"2025-01-27T09:17:06","date_gmt":"2025-01-27T09:17:06","guid":{"rendered":"https:\/\/mustveepuukool.ee\/?post_type=product&#038;p=6454"},"modified":"2026-04-10T15:04:24","modified_gmt":"2026-04-10T15:04:24","slug":"mentha-x-piperita-orange-mint","status":"publish","type":"product","link":"https:\/\/mustveepuukool.ee\/et\/shop\/taimed\/urdid\/mentha-x-piperita-orange-mint\/","title":{"rendered":"Mentha x piperita &#8216;Orange Mint&#8217;"},"content":{"rendered":"<p>Mitmeaastane ravi ja maistetaim. Apelsinim\u00fcndi maitse. \u00d5ied on helelillad. Meelitab mesilasi ja liblikaid. V\u00e4hen\u00f5udlik.<\/p>","protected":false},"excerpt":{"rendered":"<p>Apelsinm\u00fcnt<br \/>\u2191 60 cm \u00f5iega <br \/>\u2194 30cm <br \/>\u25d1\u3007 <br \/>\ua564 juuni-september <br \/>&#8212; 29\u00b0C (5 tsoon)<\/p>","protected":false},"featured_media":6455,"template":"","meta":[],"product_brand":[],"product_cat":[29],"product_tag":[],"class_list":{"0":"post-6454","1":"product","2":"type-product","3":"status-publish","4":"has-post-thumbnail","6":"product_cat-urdid","7":"pa_suurus-12cm-pott","9":"first","10":"instock","11":"shipping-taxable","12":"purchasable","13":"product-type-variable","14":"has-default-attributes"},"jetpack_sharing_enabled":true,"_links":{"self":[{"href":"https:\/\/mustveepuukool.ee\/et\/wp-json\/wp\/v2\/product\/6454","targetHints":{"allow":["GET"]}}],"collection":[{"href":"https:\/\/mustveepuukool.ee\/et\/wp-json\/wp\/v2\/product"}],"about":[{"href":"https:\/\/mustveepuukool.ee\/et\/wp-json\/wp\/v2\/types\/product"}],"version-history":[{"count":2,"href":"https:\/\/mustveepuukool.ee\/et\/wp-json\/wp\/v2\/product\/6454\/revisions"}],"predecessor-version":[{"id":6458,"href":"https:\/\/mustveepuukool.ee\/et\/wp-json\/wp\/v2\/product\/6454\/revisions\/6458"}],"wp:featuredmedia":[{"embeddable":true,"href":"https:\/\/mustveepuukool.ee\/et\/wp-json\/wp\/v2\/media\/6455"}],"wp:attachment":[{"href":"https:\/\/mustveepuukool.ee\/et\/wp-json\/wp\/v2\/media?parent=6454"}],"wp:term":[{"taxonomy":"product_brand","embeddable":true,"href":"https:\/\/mustveepuukool.ee\/et\/wp-json\/wp\/v2\/product_brand?post=6454"},{"taxonomy":"product_cat","embeddable":true,"href":"https:\/\/mustveepuukool.ee\/et\/wp-json\/wp\/v2\/product_cat?post=6454"},{"taxonomy":"product_tag","embeddable":true,"href":"https:\/\/mustveepuukool.ee\/et\/wp-json\/wp\/v2\/product_tag?post=6454"}],"curies":[{"name":"wp","href":"https:\/\/api.w.org\/{rel}","templated":true}]}}