{"id":6474,"date":"2025-01-27T15:56:46","date_gmt":"2025-01-27T15:56:46","guid":{"rendered":"https:\/\/mustveepuukool.ee\/?post_type=product&#038;p=6474"},"modified":"2026-01-19T16:41:49","modified_gmt":"2026-01-19T16:41:49","slug":"molinia-arundinacea-windsaule","status":"publish","type":"product","link":"https:\/\/mustveepuukool.ee\/et\/shop\/taimed\/korrelised\/muud-korrelised\/molinia-arundinacea-windsaule\/","title":{"rendered":"Molinia arundinacea &#8216;Winds\u00e4ule&#8217;"},"content":{"rendered":"<p>\u00c4rkab kevadel v\u00e4ga hilja. Ei ole invasiivne. V\u00e4hen\u00f5udlik.<\/p>","protected":false},"excerpt":{"rendered":"<p>Roog-sinihelmikas 'Tuulesammas'<br \/>\u2191 1,2 m \u00f5iega <br \/>\u2194 50 cm <br \/>\u25d1\u3007 <br \/>\ua564 august-september <br \/>&#8212; 29\u00b0C (5 tsoon)<\/p>","protected":false},"featured_media":6475,"template":"","meta":[],"product_brand":[],"product_cat":[116],"product_tag":[],"class_list":{"0":"post-6474","1":"product","2":"type-product","3":"status-publish","4":"has-post-thumbnail","6":"product_cat-muud-korrelised","7":"pa_suurus-9cm-pott","9":"first","10":"outofstock","11":"shipping-taxable","12":"purchasable","13":"product-type-variable","14":"has-default-attributes"},"jetpack_sharing_enabled":true,"_links":{"self":[{"href":"https:\/\/mustveepuukool.ee\/et\/wp-json\/wp\/v2\/product\/6474","targetHints":{"allow":["GET"]}}],"collection":[{"href":"https:\/\/mustveepuukool.ee\/et\/wp-json\/wp\/v2\/product"}],"about":[{"href":"https:\/\/mustveepuukool.ee\/et\/wp-json\/wp\/v2\/types\/product"}],"version-history":[{"count":2,"href":"https:\/\/mustveepuukool.ee\/et\/wp-json\/wp\/v2\/product\/6474\/revisions"}],"predecessor-version":[{"id":6478,"href":"https:\/\/mustveepuukool.ee\/et\/wp-json\/wp\/v2\/product\/6474\/revisions\/6478"}],"wp:featuredmedia":[{"embeddable":true,"href":"https:\/\/mustveepuukool.ee\/et\/wp-json\/wp\/v2\/media\/6475"}],"wp:attachment":[{"href":"https:\/\/mustveepuukool.ee\/et\/wp-json\/wp\/v2\/media?parent=6474"}],"wp:term":[{"taxonomy":"product_brand","embeddable":true,"href":"https:\/\/mustveepuukool.ee\/et\/wp-json\/wp\/v2\/product_brand?post=6474"},{"taxonomy":"product_cat","embeddable":true,"href":"https:\/\/mustveepuukool.ee\/et\/wp-json\/wp\/v2\/product_cat?post=6474"},{"taxonomy":"product_tag","embeddable":true,"href":"https:\/\/mustveepuukool.ee\/et\/wp-json\/wp\/v2\/product_tag?post=6474"}],"curies":[{"name":"wp","href":"https:\/\/api.w.org\/{rel}","templated":true}]}}