{"id":648,"date":"2024-01-18T13:01:09","date_gmt":"2024-01-18T13:01:09","guid":{"rendered":"https:\/\/mustveepuukool.ee\/?post_type=product&#038;p=648"},"modified":"2026-04-09T09:14:55","modified_gmt":"2026-04-09T09:14:55","slug":"cornus-alba-miracle","status":"publish","type":"product","link":"https:\/\/mustveepuukool.ee\/et\/shop\/taimed\/ilupoosad\/kontpuu\/cornus-alba-miracle\/","title":{"rendered":"Cornus alba &#8216;Miracle&#8217;"},"content":{"rendered":"<p>P\u00e4rl igas aias! Fantastilised erepunased talvevarred, vapustava roosa, rohelise ja valge kirju lehestikuga p\u00f5\u00f5sas, mis muutub s\u00fcgisel punaseks. Kiirekasvuline.<\/p>","protected":false},"excerpt":{"rendered":"<p>Siberi kontpuu<br \/>\u2191 2-2,5 m <br \/>\u2194 2-2,5 m<br \/>\u25d1\u3007 <br \/>\ua564 mai-juuni <br \/>-29\u00b0C (5 tsoon)<\/p>","protected":false},"featured_media":649,"template":"","meta":[],"product_brand":[],"product_cat":[126],"product_tag":[],"class_list":{"0":"post-648","1":"product","2":"type-product","3":"status-publish","4":"has-post-thumbnail","6":"product_cat-kontpuu","7":"pa_suurus-1m","9":"first","10":"instock","11":"shipping-taxable","12":"purchasable","13":"product-type-variable","14":"has-default-attributes"},"jetpack_sharing_enabled":true,"_links":{"self":[{"href":"https:\/\/mustveepuukool.ee\/et\/wp-json\/wp\/v2\/product\/648","targetHints":{"allow":["GET"]}}],"collection":[{"href":"https:\/\/mustveepuukool.ee\/et\/wp-json\/wp\/v2\/product"}],"about":[{"href":"https:\/\/mustveepuukool.ee\/et\/wp-json\/wp\/v2\/types\/product"}],"version-history":[{"count":1,"href":"https:\/\/mustveepuukool.ee\/et\/wp-json\/wp\/v2\/product\/648\/revisions"}],"predecessor-version":[{"id":4542,"href":"https:\/\/mustveepuukool.ee\/et\/wp-json\/wp\/v2\/product\/648\/revisions\/4542"}],"wp:featuredmedia":[{"embeddable":true,"href":"https:\/\/mustveepuukool.ee\/et\/wp-json\/wp\/v2\/media\/649"}],"wp:attachment":[{"href":"https:\/\/mustveepuukool.ee\/et\/wp-json\/wp\/v2\/media?parent=648"}],"wp:term":[{"taxonomy":"product_brand","embeddable":true,"href":"https:\/\/mustveepuukool.ee\/et\/wp-json\/wp\/v2\/product_brand?post=648"},{"taxonomy":"product_cat","embeddable":true,"href":"https:\/\/mustveepuukool.ee\/et\/wp-json\/wp\/v2\/product_cat?post=648"},{"taxonomy":"product_tag","embeddable":true,"href":"https:\/\/mustveepuukool.ee\/et\/wp-json\/wp\/v2\/product_tag?post=648"}],"curies":[{"name":"wp","href":"https:\/\/api.w.org\/{rel}","templated":true}]}}