{"id":6484,"date":"2025-01-27T16:19:10","date_gmt":"2025-01-27T16:19:10","guid":{"rendered":"https:\/\/mustveepuukool.ee\/?post_type=product&#038;p=6484"},"modified":"2026-01-19T16:41:49","modified_gmt":"2026-01-19T16:41:49","slug":"molinia-caerulea-carmarthen","status":"publish","type":"product","link":"https:\/\/mustveepuukool.ee\/et\/shop\/taimed\/korrelised\/muud-korrelised\/molinia-caerulea-carmarthen\/","title":{"rendered":"Molinia caerulea &#8216;Carmarthen&#8217;"},"content":{"rendered":"<p>\u00c4rkab kevadel v\u00e4ga hilja. Ei ole invasiivne. V\u00e4hen\u00f5udlik.<\/p>","protected":false},"excerpt":{"rendered":"<p>Sinihelmikas<br \/>\u2191 1 m \u00f5iega <br \/>\u2194 40 cm <br \/>\u25d1\u3007<br \/>\ua564 august-september <br \/>&#8212; 29\u00b0C (5 tsoon)<\/p>","protected":false},"featured_media":6485,"template":"","meta":[],"product_brand":[],"product_cat":[116],"product_tag":[],"class_list":{"0":"post-6484","1":"product","2":"type-product","3":"status-publish","4":"has-post-thumbnail","6":"product_cat-muud-korrelised","7":"pa_suurus-9cm-pott","9":"first","10":"outofstock","11":"shipping-taxable","12":"purchasable","13":"product-type-variable","14":"has-default-attributes"},"jetpack_sharing_enabled":true,"_links":{"self":[{"href":"https:\/\/mustveepuukool.ee\/et\/wp-json\/wp\/v2\/product\/6484","targetHints":{"allow":["GET"]}}],"collection":[{"href":"https:\/\/mustveepuukool.ee\/et\/wp-json\/wp\/v2\/product"}],"about":[{"href":"https:\/\/mustveepuukool.ee\/et\/wp-json\/wp\/v2\/types\/product"}],"version-history":[{"count":2,"href":"https:\/\/mustveepuukool.ee\/et\/wp-json\/wp\/v2\/product\/6484\/revisions"}],"predecessor-version":[{"id":6488,"href":"https:\/\/mustveepuukool.ee\/et\/wp-json\/wp\/v2\/product\/6484\/revisions\/6488"}],"wp:featuredmedia":[{"embeddable":true,"href":"https:\/\/mustveepuukool.ee\/et\/wp-json\/wp\/v2\/media\/6485"}],"wp:attachment":[{"href":"https:\/\/mustveepuukool.ee\/et\/wp-json\/wp\/v2\/media?parent=6484"}],"wp:term":[{"taxonomy":"product_brand","embeddable":true,"href":"https:\/\/mustveepuukool.ee\/et\/wp-json\/wp\/v2\/product_brand?post=6484"},{"taxonomy":"product_cat","embeddable":true,"href":"https:\/\/mustveepuukool.ee\/et\/wp-json\/wp\/v2\/product_cat?post=6484"},{"taxonomy":"product_tag","embeddable":true,"href":"https:\/\/mustveepuukool.ee\/et\/wp-json\/wp\/v2\/product_tag?post=6484"}],"curies":[{"name":"wp","href":"https:\/\/api.w.org\/{rel}","templated":true}]}}