{"id":650,"date":"2024-01-18T13:03:56","date_gmt":"2024-01-18T13:03:56","guid":{"rendered":"https:\/\/mustveepuukool.ee\/?post_type=product&#038;p=650"},"modified":"2026-04-11T09:31:24","modified_gmt":"2026-04-11T09:31:24","slug":"cornus-alba-gouchaultii","status":"publish","type":"product","link":"https:\/\/mustveepuukool.ee\/et\/shop\/taimed\/ilupoosad\/kontpuu\/cornus-alba-gouchaultii\/","title":{"rendered":"Cornus alba &#8216;Gouchaultii&#8217;"},"content":{"rendered":"<p>Okste koor punane. Kevadel lehed servast roosakasvalged, suvel keskosast rohelised, \u00e4\u00e4rtest kollased. Kiirekasvuline. Pilgup\u00fc\u00fcdja!<\/p>","protected":false},"excerpt":{"rendered":"<p>Siberi kontpuu<br \/>\u2191 2-2,5 m <br \/>\u2194  2-2,5 m <br \/>\u25d1\u3007 <br \/>&#8212; 29\u00b0C (5 tsoon)<\/p>","protected":false},"featured_media":651,"template":"","meta":[],"product_brand":[],"product_cat":[126],"product_tag":[],"class_list":{"0":"post-650","1":"product","2":"type-product","3":"status-publish","4":"has-post-thumbnail","6":"product_cat-kontpuu","7":"pa_suurus-1m","8":"pa_suurus-20-30-cm","10":"first","11":"instock","12":"shipping-taxable","13":"purchasable","14":"product-type-variable","15":"has-default-attributes"},"jetpack_sharing_enabled":true,"_links":{"self":[{"href":"https:\/\/mustveepuukool.ee\/et\/wp-json\/wp\/v2\/product\/650","targetHints":{"allow":["GET"]}}],"collection":[{"href":"https:\/\/mustveepuukool.ee\/et\/wp-json\/wp\/v2\/product"}],"about":[{"href":"https:\/\/mustveepuukool.ee\/et\/wp-json\/wp\/v2\/types\/product"}],"version-history":[{"count":3,"href":"https:\/\/mustveepuukool.ee\/et\/wp-json\/wp\/v2\/product\/650\/revisions"}],"predecessor-version":[{"id":4530,"href":"https:\/\/mustveepuukool.ee\/et\/wp-json\/wp\/v2\/product\/650\/revisions\/4530"}],"wp:featuredmedia":[{"embeddable":true,"href":"https:\/\/mustveepuukool.ee\/et\/wp-json\/wp\/v2\/media\/651"}],"wp:attachment":[{"href":"https:\/\/mustveepuukool.ee\/et\/wp-json\/wp\/v2\/media?parent=650"}],"wp:term":[{"taxonomy":"product_brand","embeddable":true,"href":"https:\/\/mustveepuukool.ee\/et\/wp-json\/wp\/v2\/product_brand?post=650"},{"taxonomy":"product_cat","embeddable":true,"href":"https:\/\/mustveepuukool.ee\/et\/wp-json\/wp\/v2\/product_cat?post=650"},{"taxonomy":"product_tag","embeddable":true,"href":"https:\/\/mustveepuukool.ee\/et\/wp-json\/wp\/v2\/product_tag?post=650"}],"curies":[{"name":"wp","href":"https:\/\/api.w.org\/{rel}","templated":true}]}}