{"id":654,"date":"2024-01-18T13:09:58","date_gmt":"2024-01-18T13:09:58","guid":{"rendered":"https:\/\/mustveepuukool.ee\/?post_type=product&#038;p=654"},"modified":"2026-05-05T07:10:31","modified_gmt":"2026-05-05T07:10:31","slug":"cornus-alba-elegantissima","status":"publish","type":"product","link":"https:\/\/mustveepuukool.ee\/et\/shop\/taimed\/ilupoosad\/kontpuu\/cornus-alba-elegantissima\/","title":{"rendered":"Cornus alba &#8216;Elegantissima&#8217;"},"content":{"rendered":"<p>Hallikasroheline valge \u00e4\u00e4ristusega. Oksad vaarika-punased. \u00d5ied on valged. S\u00f6\u00f6dav marjad. Kiirekasvuline.<\/p>","protected":false},"excerpt":{"rendered":"<p>Siberi kontpuu<br \/>\u2191 2-2,5 m <br \/>\u2194 2-2,5 m <br \/>\u25d1\u3007 <br \/>&#8212; 29\u00b0C (5 tsoon)<\/p>","protected":false},"featured_media":655,"template":"","meta":[],"product_brand":[],"product_cat":[126],"product_tag":[],"class_list":{"0":"post-654","1":"product","2":"type-product","3":"status-publish","4":"has-post-thumbnail","6":"product_cat-kontpuu","7":"pa_suurus-1m","8":"pa_suurus-15-m","9":"pa_suurus-30-50-cm","11":"first","12":"instock","13":"shipping-taxable","14":"purchasable","15":"product-type-variable","16":"has-default-attributes"},"jetpack_sharing_enabled":true,"_links":{"self":[{"href":"https:\/\/mustveepuukool.ee\/et\/wp-json\/wp\/v2\/product\/654","targetHints":{"allow":["GET"]}}],"collection":[{"href":"https:\/\/mustveepuukool.ee\/et\/wp-json\/wp\/v2\/product"}],"about":[{"href":"https:\/\/mustveepuukool.ee\/et\/wp-json\/wp\/v2\/types\/product"}],"version-history":[{"count":4,"href":"https:\/\/mustveepuukool.ee\/et\/wp-json\/wp\/v2\/product\/654\/revisions"}],"predecessor-version":[{"id":8638,"href":"https:\/\/mustveepuukool.ee\/et\/wp-json\/wp\/v2\/product\/654\/revisions\/8638"}],"wp:featuredmedia":[{"embeddable":true,"href":"https:\/\/mustveepuukool.ee\/et\/wp-json\/wp\/v2\/media\/655"}],"wp:attachment":[{"href":"https:\/\/mustveepuukool.ee\/et\/wp-json\/wp\/v2\/media?parent=654"}],"wp:term":[{"taxonomy":"product_brand","embeddable":true,"href":"https:\/\/mustveepuukool.ee\/et\/wp-json\/wp\/v2\/product_brand?post=654"},{"taxonomy":"product_cat","embeddable":true,"href":"https:\/\/mustveepuukool.ee\/et\/wp-json\/wp\/v2\/product_cat?post=654"},{"taxonomy":"product_tag","embeddable":true,"href":"https:\/\/mustveepuukool.ee\/et\/wp-json\/wp\/v2\/product_tag?post=654"}],"curies":[{"name":"wp","href":"https:\/\/api.w.org\/{rel}","templated":true}]}}