{"id":6547,"date":"2025-01-28T12:39:39","date_gmt":"2025-01-28T12:39:39","guid":{"rendered":"https:\/\/mustveepuukool.ee\/?post_type=product&#038;p=6547"},"modified":"2026-01-19T16:43:14","modified_gmt":"2026-01-19T16:43:14","slug":"origanum-rosenkuppel","status":"publish","type":"product","link":"https:\/\/mustveepuukool.ee\/et\/shop\/taimed\/urdid\/origanum-rosenkuppel\/","title":{"rendered":"Origanum &#8216;Rosenkuppel&#8217;"},"content":{"rendered":"<p>Maitseroheline ja lillepeenrasse. \u00d5ied on lillakasroosad. Lehed l\u00f5hnaga. \u00d5itseb pidevalt ja rikkalikult k\u00fclmadeni. Liblikate ja mesilaste lemmik. V\u00e4hen\u00f5udlik.<\/p>","protected":false},"excerpt":{"rendered":"<p>Pune<br \/>\u2191 60 cm \u00f5iega <br \/>\u2194 60 cm <br \/>\u25d1\u3007 <br \/>\ua564 juuni-oktoober <br \/>&#8212; 29\u00b0C (5 tsoon)<\/p>","protected":false},"featured_media":6548,"template":"","meta":[],"product_brand":[],"product_cat":[29],"product_tag":[],"class_list":{"0":"post-6547","1":"product","2":"type-product","3":"status-publish","4":"has-post-thumbnail","6":"product_cat-urdid","7":"pa_suurus-9cm-pott","9":"first","10":"outofstock","11":"shipping-taxable","12":"purchasable","13":"product-type-variable","14":"has-default-attributes"},"jetpack_sharing_enabled":true,"_links":{"self":[{"href":"https:\/\/mustveepuukool.ee\/et\/wp-json\/wp\/v2\/product\/6547","targetHints":{"allow":["GET"]}}],"collection":[{"href":"https:\/\/mustveepuukool.ee\/et\/wp-json\/wp\/v2\/product"}],"about":[{"href":"https:\/\/mustveepuukool.ee\/et\/wp-json\/wp\/v2\/types\/product"}],"version-history":[{"count":2,"href":"https:\/\/mustveepuukool.ee\/et\/wp-json\/wp\/v2\/product\/6547\/revisions"}],"predecessor-version":[{"id":6551,"href":"https:\/\/mustveepuukool.ee\/et\/wp-json\/wp\/v2\/product\/6547\/revisions\/6551"}],"wp:featuredmedia":[{"embeddable":true,"href":"https:\/\/mustveepuukool.ee\/et\/wp-json\/wp\/v2\/media\/6548"}],"wp:attachment":[{"href":"https:\/\/mustveepuukool.ee\/et\/wp-json\/wp\/v2\/media?parent=6547"}],"wp:term":[{"taxonomy":"product_brand","embeddable":true,"href":"https:\/\/mustveepuukool.ee\/et\/wp-json\/wp\/v2\/product_brand?post=6547"},{"taxonomy":"product_cat","embeddable":true,"href":"https:\/\/mustveepuukool.ee\/et\/wp-json\/wp\/v2\/product_cat?post=6547"},{"taxonomy":"product_tag","embeddable":true,"href":"https:\/\/mustveepuukool.ee\/et\/wp-json\/wp\/v2\/product_tag?post=6547"}],"curies":[{"name":"wp","href":"https:\/\/api.w.org\/{rel}","templated":true}]}}