{"id":662,"date":"2024-01-18T13:18:37","date_gmt":"2024-01-18T13:18:37","guid":{"rendered":"https:\/\/mustveepuukool.ee\/?post_type=product&#038;p=662"},"modified":"2026-04-10T12:12:35","modified_gmt":"2026-04-10T12:12:35","slug":"cornus-alba-sibirica-variegata","status":"publish","type":"product","link":"https:\/\/mustveepuukool.ee\/et\/shop\/taimed\/ilupoosad\/kontpuu\/cornus-alba-sibirica-variegata\/","title":{"rendered":"Cornus alba &#8216;Sibirica variegata&#8217;"},"content":{"rendered":"<p>Lehed hallikasrohelised \u00e4\u00e4ristatud valge randiga. S\u00fcgisel omandavad lehed violetjaspunase. Oksad punased. \u00d5ied on valged. S\u00f6\u00f6dav marjad. Kiirekasvuline.<\/p>","protected":false},"excerpt":{"rendered":"<div><span data-canva-clipboard=\"ewAiAGEAIgA6ADUALAAiAGgAIgA6ACIAdwB3AHcALgBjAGEAbgB2AGEALgBjAG8AbQAiACwAIgBjACIAOgAiAEQAQQBGADAAQwBqAEsARwBoAFQASQAiACwAIgBpACIAOgAiAFMAZABNAEMAbABDAHgAXwBDAGMANgBqAGEAQgBOAC0AcQBvAGoARQB5AGcAIgAsACIAYgAiADoAMQA3ADAANQAzADMAOAA1ADAANwAyADAANgAsACIAQQA\/ACIAOgAiAEIAIgAsACIAQQAiADoAWwB7ACIAQQAiADoANAA1ADgALgAxADAAMwAyADIANQA2ADIANQAzADMANQAzADcALAAiAEIAIgA6ADIAMAA0AC4AOAAwADAAMwA5ADAANgA0ADkAMAAyADkANQAsACIARAAiADoAMwA4ADQALgAxADAAMAAwADAANgAxADAAMwA1ADEANQA2ACwAIgBDACIAOgAxADUAOAAuADEAMwAzADMANAAsACIAQQA\/ACIAOgAiAEsAIgAsACIAYQAiADoAewAiAEEAIgA6AFsAewAiAEEAPwAiADoAIgBBACIALAAiAEEAIgA6ACIAkSExADUAMAAtADIAMAAwAGMAbQAgAJQhMQA1ADAALQAyADAAMABjAG0AIAAgAFwAbgDRJQcwXABuAGSlIABtAGEAaQAtAGoAdQB1AG4AaQBcAG4AIAAtADIAOQCwAEMAIAAoADUAIAB0AHMAbwBvAG4AKQBcAG4AIgB9AF0ALAAiAEIAIgA6AFsAewAiAEEAPwAiADoAIgBBACIALAAiAEEAIgA6AHsAIgBmAG8AbgB0AC0AZgBhAG0AaQBsAHkAIgA6AHsAIgBCACIAOgAiAFkAQQBGAGQASgB0ADgAZABBAFkAMAAsADAAIgB9ACwAIgBmAG8AbgB0AC0AcwBpAHoAZQAiADoAewAiAEIAIgA6ACIAMgA5AC4AMwAzADMAMwAiAH0ALAAiAHQAZQB4AHQALQBhAGwAaQBnAG4AIgA6AHsAIgBCACIAOgAiAGMAZQBuAHQAZQByACIAfQB9AH0ALAB7ACIAQQA\/ACIAOgAiAEIAIgAsACIAQQAiADoAMgA0AH0ALAB7ACIAQQA\/ACIAOgAiAEEAIgAsACIAQQAiADoAewAiAGYAbwBuAHQALQBmAGEAbQBpAGwAeQAiADoAewAiAEEAIgA6ACIAWQBBAEYAZABKAHQAOABkAEEAWQAwACwAMAAiAH0ALAAiAGYAbwBuAHQALQBzAGkAegBlACIAOgB7ACIAQQAiADoAIgAyADkALgAzADMAMwAzACIAfQB9AH0ALAB7ACIAQQA\/ACIAOgAiAEIAIgAsACIAQQAiADoAMgB9ACwAewAiAEEAPwAiADoAIgBBACIALAAiAEEAIgA6AHsAIgBmAG8AbgB0AC0AZgBhAG0AaQBsAHkAIgA6AHsAIgBCACIAOgAiAFkAQQBGAGQASgB0ADgAZABBAFkAMAAsADAAIgB9ACwAIgBmAG8AbgB0AC0AcwBpAHoAZQAiADoAewAiAEIAIgA6ACIAMgA5AC4AMwAzADMAMwAiAH0AfQB9ACwAewAiAEEAPwAiADoAIgBCACIALAAiAEEAIgA6ADEAMwB9ACwAewAiAEEAPwAiADoAIgBBACIALAAiAEEAIgA6AHsAIgBmAG8AbgB0AC0AZgBhAG0AaQBsAHkAIgA6AHsAIgBBACIAOgAiAFkAQQBGAGQASgB0ADgAZABBAFkAMAAsADAAIgB9ACwAIgBmAG8AbgB0AC0AcwBpAHoAZQAiADoAewAiAEEAIgA6ACIAMgA5AC4AMwAzADMAMwAiAH0AfQB9ACwAewAiAEEAPwAiADoAIgBCACIALAAiAEEAIgA6ADEANgB9ACwAewAiAEEAPwAiADoAIgBBACIALAAiAEEAIgA6AHsAIgBmAG8AbgB0AC0AcwB0AHkAbABlACIAOgB7ACIAQgAiADoAIgBuAG8AcgBtAGEAbAAiAH0ALAAiAGYAbwBuAHQALQB3AGUAaQBnAGgAdAAiADoAewAiAEIAIgA6ACIAbgBvAHIAbQBhAGwAIgB9ACwAIgBjAG8AbABvAHIAIgA6AHsAIgBCACIAOgAiACMAMAAwADAAMAAwADAAIgB9ACwAIgBmAG8AbgB0AC0AZgBhAG0AaQBsAHkAIgA6AHsAIgBCACIAOgAiAFkAQQBGAGQASgB0ADgAZABBAFkAMAAsADAAIgB9ACwAIgBmAG8AbgB0AC0AcwBpAHoAZQAiADoAewAiAEIAIgA6ACIAMgA5AC4AMwAzADMAMwAiAH0AfQB9ACwAewAiAEEAPwAiADoAIgBCACIALAAiAEEAIgA6ADEAfQAsAHsAIgBBAD8AIgA6ACIAQQAiACwAIgBBACIAOgB7ACIAdABlAHgAdAAtAGEAbABpAGcAbgAiADoAewAiAEEAIgA6ACIAYwBlAG4AdABlAHIAIgB9ACwAIgBjAG8AbABvAHIAIgA6AHsAIgBBACIAOgAiACMAMAAwADAAMAAwADAAIgB9ACwAIgBmAG8AbgB0AC0AdwBlAGkAZwBoAHQAIgA6AHsAIgBBACIAOgAiAG4AbwByAG0AYQBsACIAfQAsACIAZgBvAG4AdAAtAHMAaQB6AGUAIgA6AHsAIgBBACIAOgAiADIAOQAuADMAMwAzADMAIgB9ACwAIgBmAG8AbgB0AC0AZgBhAG0AaQBsAHkAIgA6AHsAIgBBACIAOgAiAFkAQQBGAGQASgB0ADgAZABBAFkAMAAsADAAIgB9ACwAIgBmAG8AbgB0AC0AcwB0AHkAbABlACIAOgB7ACIAQQAiADoAIgBuAG8AcgBtAGEAbAAiAH0AfQB9AF0AfQAsACIAYgAiADoAewAiAEEAIgA6AFsAMgA0ACwAMwAsADEAMgAsADEANwBdAH0ALAAiAGQAIgA6ACIAQQAiACwAIgBnACIAOgBmAGEAbABzAGUALAAiAGgAIgA6ACIAQgAiAH0AXQAsACIAQgAiADoANwA5ADMALgA3ADAAMAA3ADgANwA0ADAAMQA1ADcANAA4ACwAIgBDACIAOgAxADEAMgAyAC4ANQAxADkANgA4ADUAMAAzADkAMwA3AH0A\"><\/span><\/div>\n<p>Siberi kontpuu<br \/>\u2191 2-2,5 m <br \/>\u2194 2-2,5 m <br \/>\u25d1\u3007 <br \/>&#8212; 29\u00b0C (5 tsoon)<\/p>","protected":false},"featured_media":663,"template":"","meta":[],"product_brand":[],"product_cat":[126],"product_tag":[],"class_list":{"0":"post-662","1":"product","2":"type-product","3":"status-publish","4":"has-post-thumbnail","6":"product_cat-kontpuu","7":"pa_suurus-3l-pott","8":"pa_suurus-5l-pott","9":"pa_suurus-9cm-pott","11":"first","12":"instock","13":"shipping-taxable","14":"purchasable","15":"product-type-variable","16":"has-default-attributes"},"jetpack_sharing_enabled":true,"_links":{"self":[{"href":"https:\/\/mustveepuukool.ee\/et\/wp-json\/wp\/v2\/product\/662","targetHints":{"allow":["GET"]}}],"collection":[{"href":"https:\/\/mustveepuukool.ee\/et\/wp-json\/wp\/v2\/product"}],"about":[{"href":"https:\/\/mustveepuukool.ee\/et\/wp-json\/wp\/v2\/types\/product"}],"version-history":[{"count":2,"href":"https:\/\/mustveepuukool.ee\/et\/wp-json\/wp\/v2\/product\/662\/revisions"}],"predecessor-version":[{"id":4538,"href":"https:\/\/mustveepuukool.ee\/et\/wp-json\/wp\/v2\/product\/662\/revisions\/4538"}],"wp:featuredmedia":[{"embeddable":true,"href":"https:\/\/mustveepuukool.ee\/et\/wp-json\/wp\/v2\/media\/663"}],"wp:attachment":[{"href":"https:\/\/mustveepuukool.ee\/et\/wp-json\/wp\/v2\/media?parent=662"}],"wp:term":[{"taxonomy":"product_brand","embeddable":true,"href":"https:\/\/mustveepuukool.ee\/et\/wp-json\/wp\/v2\/product_brand?post=662"},{"taxonomy":"product_cat","embeddable":true,"href":"https:\/\/mustveepuukool.ee\/et\/wp-json\/wp\/v2\/product_cat?post=662"},{"taxonomy":"product_tag","embeddable":true,"href":"https:\/\/mustveepuukool.ee\/et\/wp-json\/wp\/v2\/product_tag?post=662"}],"curies":[{"name":"wp","href":"https:\/\/api.w.org\/{rel}","templated":true}]}}