{"id":6648,"date":"2025-01-30T14:03:20","date_gmt":"2025-01-30T14:03:20","guid":{"rendered":"https:\/\/mustveepuukool.ee\/?post_type=product&#038;p=6648"},"modified":"2026-01-19T16:41:49","modified_gmt":"2026-01-19T16:41:49","slug":"panicum-virgatum-northwind","status":"publish","type":"product","link":"https:\/\/mustveepuukool.ee\/et\/shop\/taimed\/korrelised\/muud-korrelised\/panicum-virgatum-northwind\/","title":{"rendered":"Panicum virgatum &#8216;Northwind&#8217;"},"content":{"rendered":"<p>\u00c4rkab kevadel v\u00e4ga hilja. Lehed on sinakasrohelised. P\u00fcstine vorm. \u00d5isikud j\u00e4\u00e4vad p\u00fcsima kogu talveks. Ei ole invasiivne. V\u00e4hen\u00f5udlik.<\/p>","protected":false},"excerpt":{"rendered":"<p>Vitshirss<br \/>\u2191 1,8 m \u00f5iega <br \/>\u2194 60 cm <br \/>\u25d1\u3007 <br \/>\ua564 mai-juuni <br \/>&#8212; 29\u00b0C (5 tsoon)<\/p>","protected":false},"featured_media":6649,"template":"","meta":[],"product_brand":[],"product_cat":[116],"product_tag":[],"class_list":{"0":"post-6648","1":"product","2":"type-product","3":"status-publish","4":"has-post-thumbnail","6":"product_cat-muud-korrelised","7":"pa_suurus-9cm-pott","9":"first","10":"outofstock","11":"shipping-taxable","12":"purchasable","13":"product-type-variable","14":"has-default-attributes"},"jetpack_sharing_enabled":true,"_links":{"self":[{"href":"https:\/\/mustveepuukool.ee\/et\/wp-json\/wp\/v2\/product\/6648","targetHints":{"allow":["GET"]}}],"collection":[{"href":"https:\/\/mustveepuukool.ee\/et\/wp-json\/wp\/v2\/product"}],"about":[{"href":"https:\/\/mustveepuukool.ee\/et\/wp-json\/wp\/v2\/types\/product"}],"version-history":[{"count":2,"href":"https:\/\/mustveepuukool.ee\/et\/wp-json\/wp\/v2\/product\/6648\/revisions"}],"predecessor-version":[{"id":6652,"href":"https:\/\/mustveepuukool.ee\/et\/wp-json\/wp\/v2\/product\/6648\/revisions\/6652"}],"wp:featuredmedia":[{"embeddable":true,"href":"https:\/\/mustveepuukool.ee\/et\/wp-json\/wp\/v2\/media\/6649"}],"wp:attachment":[{"href":"https:\/\/mustveepuukool.ee\/et\/wp-json\/wp\/v2\/media?parent=6648"}],"wp:term":[{"taxonomy":"product_brand","embeddable":true,"href":"https:\/\/mustveepuukool.ee\/et\/wp-json\/wp\/v2\/product_brand?post=6648"},{"taxonomy":"product_cat","embeddable":true,"href":"https:\/\/mustveepuukool.ee\/et\/wp-json\/wp\/v2\/product_cat?post=6648"},{"taxonomy":"product_tag","embeddable":true,"href":"https:\/\/mustveepuukool.ee\/et\/wp-json\/wp\/v2\/product_tag?post=6648"}],"curies":[{"name":"wp","href":"https:\/\/api.w.org\/{rel}","templated":true}]}}