{"id":666,"date":"2024-01-18T13:22:46","date_gmt":"2024-01-18T13:22:46","guid":{"rendered":"https:\/\/mustveepuukool.ee\/?post_type=product&#038;p=666"},"modified":"2026-04-07T12:56:57","modified_gmt":"2026-04-07T12:56:57","slug":"cornus-alba-westonbirt","status":"publish","type":"product","link":"https:\/\/mustveepuukool.ee\/et\/shop\/taimed\/ilupoosad\/kontpuu\/cornus-alba-westonbirt\/","title":{"rendered":"Cornus alba &#8216;Westonbirt&#8217;"},"content":{"rendered":"<p><span>Lehed rohelised, s\u00fcgisel erk-oranz. Oksad korall-punased. \u00d5ied on valged. S\u00f6\u00f6dav marjad. Kiirekasvuline. <\/span><\/p>","protected":false},"excerpt":{"rendered":"<div><span data-canva-clipboard=\"ewAiAGEAIgA6ADUALAAiAGgAIgA6ACIAdwB3AHcALgBjAGEAbgB2AGEALgBjAG8AbQAiACwAIgBjACIAOgAiAEQAQQBGADAAQwBqAEsARwBoAFQASQAiACwAIgBpACIAOgAiAFMAZABNAEMAbABDAHgAXwBDAGMANgBqAGEAQgBOAC0AcQBvAGoARQB5AGcAIgAsACIAYgAiADoAMQA3ADAANQAzADMAOAA1ADAANwAyADAANgAsACIAQQA\/ACIAOgAiAEIAIgAsACIAQQAiADoAWwB7ACIAQQAiADoAMgA4ADgALgA3ADAAMwAyADIANQA2ADIANQAzADMANQA0ACwAIgBCACIAOgA1ADMALgAyADAAOAA2ADUAMQAzADMAOAAzADYANAA4ACwAIgBEACIAOgA2ADgANwAuADIAOAAzADQAOAA0ADcAMgA0ADgANAA1ACwAIgBDACIAOgAxADEAMQAuADQALAAiAEEAPwAiADoAIgBLACIALAAiAGEAIgA6AHsAIgBBACIAOgBbAHsAIgBBAD8AIgA6ACIAQQAiACwAIgBBACIAOgAiAFMAZQBsAGUAawB0AGUAZQByAGkAdAB1AGQAIAAnAFMAaQBiAGkAcgBpAGMAYQAnACAAdgBlAGUAbABnAGkAIABlAHIAawBzAGEAdgDkAHIAdgBpAGwAaQBzAGUAbQAgAGsAbABvAG8AbgAuACAASwBpAGkAcgBlAGsAYQBzAHYAdQBsAGkAbgBlAC4AIABcAG4ASwBhAHUAbgBpAHMAIABzAPwAZwBpAHMAdgDkAHIAdgAhACAAVABhAGwAdgBpAG4AZQAgAHAA9QBuAGUAdgB1AHMAIQBcAG4AIgB9AF0ALAAiAEIAIgA6AFsAewAiAEEAPwAiADoAIgBBACIALAAiAEEAIgA6AHsAIgBmAG8AbgB0AC0AZgBhAG0AaQBsAHkAIgA6AHsAIgBCACIAOgAiAFkAQQBGAGQASgB0ADgAZABBAFkAMAAsADAAIgB9ACwAIgBmAG8AbgB0AC0AcwBpAHoAZQAiADoAewAiAEIAIgA6ACIAMgA4AC4AMAAiAH0ALAAiAHQAZQB4AHQALQBhAGwAaQBnAG4AIgA6AHsAIgBCACIAOgAiAGMAZQBuAHQAZQByACIAfQB9AH0ALAB7ACIAQQA\/ACIAOgAiAEIAIgAsACIAQQAiADoAMQAwADYAfQAsAHsAIgBBAD8AIgA6ACIAQQAiACwAIgBBACIAOgB7ACIAZgBvAG4AdAAtAHcAZQBpAGcAaAB0ACIAOgB7ACIAQgAiADoAIgBuAG8AcgBtAGEAbAAiAH0ALAAiAGYAbwBuAHQALQBzAHQAeQBsAGUAIgA6AHsAIgBCACIAOgAiAG4AbwByAG0AYQBsACIAfQAsACIAYwBvAGwAbwByACIAOgB7ACIAQgAiADoAIgAjADAAMAAwADAAMAAwACIAfQB9AH0ALAB7ACIAQQA\/ACIAOgAiAEIAIgAsACIAQQAiADoAMQB9ACwAewAiAEEAPwAiADoAIgBBACIALAAiAEEAIgA6AHsAIgB0AGUAeAB0AC0AYQBsAGkAZwBuACIAOgB7ACIAQQAiADoAIgBjAGUAbgB0AGUAcgAiAH0ALAAiAGMAbwBsAG8AcgAiADoAewAiAEEAIgA6ACIAIwAwADAAMAAwADAAMAAiAH0ALAAiAGYAbwBuAHQALQB3AGUAaQBnAGgAdAAiADoAewAiAEEAIgA6ACIAbgBvAHIAbQBhAGwAIgB9ACwAIgBmAG8AbgB0AC0AcwBpAHoAZQAiADoAewAiAEEAIgA6ACIAMgA4AC4AMAAiAH0ALAAiAGYAbwBuAHQALQBmAGEAbQBpAGwAeQAiADoAewAiAEEAIgA6ACIAWQBBAEYAZABKAHQAOABkAEEAWQAwACwAMAAiAH0ALAAiAGYAbwBuAHQALQBzAHQAeQBsAGUAIgA6AHsAIgBBACIAOgAiAG4AbwByAG0AYQBsACIAfQB9AH0AXQB9ACwAIgBiACIAOgB7AH0ALAAiAGQAIgA6ACIAQQAiACwAIgBnACIAOgBmAGEAbABzAGUALAAiAGgAIgA6ACIAQQAiAH0AXQAsACIAQgAiADoANwA5ADMALgA3ADAAMAA3ADgANwA0ADAAMQA1ADcANAA4ACwAIgBDACIAOgAxADEAMgAyAC4ANQAxADkANgA4ADUAMAAzADkAMwA3AH0A\"><\/span><\/div>\n<p>Siberi kontpuu<br \/>\u2191 2-2,5 m <br \/>\u2194 2-2,5 m <br \/>\u25d1\u3007 <br \/>&#8212; 29\u00b0C (5 tsoon)<\/p>","protected":false},"featured_media":4099,"template":"","meta":[],"product_brand":[],"product_cat":[126],"product_tag":[],"class_list":{"0":"post-666","1":"product","2":"type-product","3":"status-publish","4":"has-post-thumbnail","6":"product_cat-kontpuu","7":"pa_suurus-3l-pott","8":"pa_suurus-5l-pott","9":"pa_suurus-9cm-pott","11":"first","12":"instock","13":"shipping-taxable","14":"purchasable","15":"product-type-variable","16":"has-default-attributes"},"jetpack_sharing_enabled":true,"_links":{"self":[{"href":"https:\/\/mustveepuukool.ee\/et\/wp-json\/wp\/v2\/product\/666","targetHints":{"allow":["GET"]}}],"collection":[{"href":"https:\/\/mustveepuukool.ee\/et\/wp-json\/wp\/v2\/product"}],"about":[{"href":"https:\/\/mustveepuukool.ee\/et\/wp-json\/wp\/v2\/types\/product"}],"version-history":[{"count":2,"href":"https:\/\/mustveepuukool.ee\/et\/wp-json\/wp\/v2\/product\/666\/revisions"}],"predecessor-version":[{"id":4544,"href":"https:\/\/mustveepuukool.ee\/et\/wp-json\/wp\/v2\/product\/666\/revisions\/4544"}],"wp:featuredmedia":[{"embeddable":true,"href":"https:\/\/mustveepuukool.ee\/et\/wp-json\/wp\/v2\/media\/4099"}],"wp:attachment":[{"href":"https:\/\/mustveepuukool.ee\/et\/wp-json\/wp\/v2\/media?parent=666"}],"wp:term":[{"taxonomy":"product_brand","embeddable":true,"href":"https:\/\/mustveepuukool.ee\/et\/wp-json\/wp\/v2\/product_brand?post=666"},{"taxonomy":"product_cat","embeddable":true,"href":"https:\/\/mustveepuukool.ee\/et\/wp-json\/wp\/v2\/product_cat?post=666"},{"taxonomy":"product_tag","embeddable":true,"href":"https:\/\/mustveepuukool.ee\/et\/wp-json\/wp\/v2\/product_tag?post=666"}],"curies":[{"name":"wp","href":"https:\/\/api.w.org\/{rel}","templated":true}]}}