{"id":670,"date":"2024-01-18T13:38:57","date_gmt":"2024-01-18T13:38:57","guid":{"rendered":"https:\/\/mustveepuukool.ee\/?post_type=product&#038;p=670"},"modified":"2026-01-19T16:51:51","modified_gmt":"2026-01-19T16:51:51","slug":"berberis-thunbergii-bagatelle","status":"publish","type":"product","link":"https:\/\/mustveepuukool.ee\/et\/shop\/taimed\/ilupoosad\/kukerpuu\/berberis-thunbergii-bagatelle\/","title":{"rendered":"Berberis thunbergii &#8216;Bagatelle&#8217;"},"content":{"rendered":"<p>Tumedmad punased lehed, kevadised erkpunased. Kollased, l\u00f5hnavad \u00f5ied. S\u00fcgisv\u00e4rv sarlakpunane. Korallpunased piklikud viljad v\u00f5rsetel talv l\u00e4bi. Aeglasekasvuline.<\/p>","protected":false},"excerpt":{"rendered":"<p>Thunbergi kukerpuu<br \/>\u2191 40-50cm <br \/>\u2194 40-50cm <br \/>\u25d1\u3007<br \/>\ua564 mai-juuni <br \/>&#8212; 29\u00b0C (5 tsoon)<\/p>","protected":false},"featured_media":671,"template":"","meta":[],"product_brand":[],"product_cat":[210],"product_tag":[],"class_list":{"0":"post-670","1":"product","2":"type-product","3":"status-publish","4":"has-post-thumbnail","6":"product_cat-kukerpuu","7":"pa_suurus-2l-pott","9":"first","10":"outofstock","11":"shipping-taxable","12":"purchasable","13":"product-type-variable","14":"has-default-attributes"},"jetpack_sharing_enabled":true,"_links":{"self":[{"href":"https:\/\/mustveepuukool.ee\/et\/wp-json\/wp\/v2\/product\/670","targetHints":{"allow":["GET"]}}],"collection":[{"href":"https:\/\/mustveepuukool.ee\/et\/wp-json\/wp\/v2\/product"}],"about":[{"href":"https:\/\/mustveepuukool.ee\/et\/wp-json\/wp\/v2\/types\/product"}],"version-history":[{"count":1,"href":"https:\/\/mustveepuukool.ee\/et\/wp-json\/wp\/v2\/product\/670\/revisions"}],"predecessor-version":[{"id":4522,"href":"https:\/\/mustveepuukool.ee\/et\/wp-json\/wp\/v2\/product\/670\/revisions\/4522"}],"wp:featuredmedia":[{"embeddable":true,"href":"https:\/\/mustveepuukool.ee\/et\/wp-json\/wp\/v2\/media\/671"}],"wp:attachment":[{"href":"https:\/\/mustveepuukool.ee\/et\/wp-json\/wp\/v2\/media?parent=670"}],"wp:term":[{"taxonomy":"product_brand","embeddable":true,"href":"https:\/\/mustveepuukool.ee\/et\/wp-json\/wp\/v2\/product_brand?post=670"},{"taxonomy":"product_cat","embeddable":true,"href":"https:\/\/mustveepuukool.ee\/et\/wp-json\/wp\/v2\/product_cat?post=670"},{"taxonomy":"product_tag","embeddable":true,"href":"https:\/\/mustveepuukool.ee\/et\/wp-json\/wp\/v2\/product_tag?post=670"}],"curies":[{"name":"wp","href":"https:\/\/api.w.org\/{rel}","templated":true}]}}