{"id":6700,"date":"2025-02-01T15:35:21","date_gmt":"2025-02-01T15:35:21","guid":{"rendered":"https:\/\/mustveepuukool.ee\/?post_type=product&#038;p=6700"},"modified":"2026-01-21T14:44:41","modified_gmt":"2026-01-21T14:44:41","slug":"perovskia-atriplicifolia-blue-spire","status":"publish","type":"product","link":"https:\/\/mustveepuukool.ee\/et\/shop\/taimed\/pusikud\/muud-pusikud\/perovskia-atriplicifolia-blue-spire\/","title":{"rendered":"Perovskia atriplicifolia &#8216;Blue Spire&#8217;"},"content":{"rendered":"<p>Kohev p\u00fcstine puhmik. \u00d5ied on lavendlisinised v\u00e4ikesed. Hallikasroheliste lehestik. Meelitab ligi kasulikke putukaid. V\u00e4hen\u00f5udlik.<\/p>","protected":false},"excerpt":{"rendered":"<p>Harilik perovskia<\/p>","protected":false},"featured_media":6701,"template":"","meta":[],"product_brand":[],"product_cat":[111],"product_tag":[],"class_list":{"0":"post-6700","1":"product","2":"type-product","3":"status-publish","4":"has-post-thumbnail","6":"product_cat-muud-pusikud","7":"pa_suurus-9cm-pott","9":"first","10":"outofstock","11":"shipping-taxable","12":"purchasable","13":"product-type-variable","14":"has-default-attributes"},"jetpack_sharing_enabled":true,"_links":{"self":[{"href":"https:\/\/mustveepuukool.ee\/et\/wp-json\/wp\/v2\/product\/6700","targetHints":{"allow":["GET"]}}],"collection":[{"href":"https:\/\/mustveepuukool.ee\/et\/wp-json\/wp\/v2\/product"}],"about":[{"href":"https:\/\/mustveepuukool.ee\/et\/wp-json\/wp\/v2\/types\/product"}],"version-history":[{"count":2,"href":"https:\/\/mustveepuukool.ee\/et\/wp-json\/wp\/v2\/product\/6700\/revisions"}],"predecessor-version":[{"id":6704,"href":"https:\/\/mustveepuukool.ee\/et\/wp-json\/wp\/v2\/product\/6700\/revisions\/6704"}],"wp:featuredmedia":[{"embeddable":true,"href":"https:\/\/mustveepuukool.ee\/et\/wp-json\/wp\/v2\/media\/6701"}],"wp:attachment":[{"href":"https:\/\/mustveepuukool.ee\/et\/wp-json\/wp\/v2\/media?parent=6700"}],"wp:term":[{"taxonomy":"product_brand","embeddable":true,"href":"https:\/\/mustveepuukool.ee\/et\/wp-json\/wp\/v2\/product_brand?post=6700"},{"taxonomy":"product_cat","embeddable":true,"href":"https:\/\/mustveepuukool.ee\/et\/wp-json\/wp\/v2\/product_cat?post=6700"},{"taxonomy":"product_tag","embeddable":true,"href":"https:\/\/mustveepuukool.ee\/et\/wp-json\/wp\/v2\/product_tag?post=6700"}],"curies":[{"name":"wp","href":"https:\/\/api.w.org\/{rel}","templated":true}]}}