{"id":6725,"date":"2025-02-01T18:15:12","date_gmt":"2025-02-01T18:15:12","guid":{"rendered":"https:\/\/mustveepuukool.ee\/?post_type=product&#038;p=6725"},"modified":"2026-04-13T12:13:13","modified_gmt":"2026-04-13T12:13:13","slug":"phlox-paniculata-elizabeth-arden","status":"publish","type":"product","link":"https:\/\/mustveepuukool.ee\/et\/shop\/taimed\/pusikud\/leeklilled\/phlox-paniculata-elizabeth-arden\/","title":{"rendered":"Phlox paniculata &#8216;Elizabeth Arden&#8217;"},"content":{"rendered":"<p>\u00d5ied on \u00f5rnroosad, l\u00f5hnavad. NB! Varakevadel  jahukaste t\u00f5rjeks pritsida vasksulfaadiga v\u00f5i bordooseguga.<\/p>","protected":false},"excerpt":{"rendered":"<p>Aed-leeklill<br \/>\u2191 \u00f5iega 1m <br \/>\u2194 50cm <br \/>\u25d1\u3007 <br \/>\ua564 juuli-september <br \/>&#8212; 29\u00b0C (5 tsoon)<\/p>","protected":false},"featured_media":9184,"template":"","meta":[],"product_brand":[],"product_cat":[154],"product_tag":[],"class_list":{"0":"post-6725","1":"product","2":"type-product","3":"status-publish","4":"has-post-thumbnail","6":"product_cat-leeklilled","7":"pa_suurus-18-cm-pott","9":"first","10":"instock","11":"shipping-taxable","12":"purchasable","13":"product-type-variable","14":"has-default-attributes"},"jetpack_sharing_enabled":true,"_links":{"self":[{"href":"https:\/\/mustveepuukool.ee\/et\/wp-json\/wp\/v2\/product\/6725","targetHints":{"allow":["GET"]}}],"collection":[{"href":"https:\/\/mustveepuukool.ee\/et\/wp-json\/wp\/v2\/product"}],"about":[{"href":"https:\/\/mustveepuukool.ee\/et\/wp-json\/wp\/v2\/types\/product"}],"version-history":[{"count":2,"href":"https:\/\/mustveepuukool.ee\/et\/wp-json\/wp\/v2\/product\/6725\/revisions"}],"predecessor-version":[{"id":6729,"href":"https:\/\/mustveepuukool.ee\/et\/wp-json\/wp\/v2\/product\/6725\/revisions\/6729"}],"wp:featuredmedia":[{"embeddable":true,"href":"https:\/\/mustveepuukool.ee\/et\/wp-json\/wp\/v2\/media\/9184"}],"wp:attachment":[{"href":"https:\/\/mustveepuukool.ee\/et\/wp-json\/wp\/v2\/media?parent=6725"}],"wp:term":[{"taxonomy":"product_brand","embeddable":true,"href":"https:\/\/mustveepuukool.ee\/et\/wp-json\/wp\/v2\/product_brand?post=6725"},{"taxonomy":"product_cat","embeddable":true,"href":"https:\/\/mustveepuukool.ee\/et\/wp-json\/wp\/v2\/product_cat?post=6725"},{"taxonomy":"product_tag","embeddable":true,"href":"https:\/\/mustveepuukool.ee\/et\/wp-json\/wp\/v2\/product_tag?post=6725"}],"curies":[{"name":"wp","href":"https:\/\/api.w.org\/{rel}","templated":true}]}}