{"id":6755,"date":"2025-02-01T21:09:35","date_gmt":"2025-02-01T21:09:35","guid":{"rendered":"https:\/\/mustveepuukool.ee\/?post_type=product&#038;p=6755"},"modified":"2026-01-21T14:44:41","modified_gmt":"2026-01-21T14:44:41","slug":"phlox-paniculata-norah-leigh","status":"publish","type":"product","link":"https:\/\/mustveepuukool.ee\/et\/shop\/taimed\/pusikud\/leeklilled\/phlox-paniculata-norah-leigh\/","title":{"rendered":"Phlox paniculata &#8216;Norah Leigh&#8217;"},"content":{"rendered":"<p>Kirjulehine. \u00d5ied on valkjasroosad, l\u00f5hnavad. NB! Varakevadel  jahukaste t\u00f5rjeks pritsida vasksulfaadiga v\u00f5i bordooseguga.<\/p>","protected":false},"excerpt":{"rendered":"<p>Aed-leeklill<br \/>\u2191 \u00f5iega 1m <br \/>\u2194 45cm <br \/>\u25d1\u3007 <br \/>\ua564 juuli-september <br \/>&#8212; 29\u00b0C (5 tsoon)<\/p>","protected":false},"featured_media":6756,"template":"","meta":[],"product_brand":[],"product_cat":[154],"product_tag":[],"class_list":{"0":"post-6755","1":"product","2":"type-product","3":"status-publish","4":"has-post-thumbnail","6":"product_cat-leeklilled","7":"pa_suurus-9cm-pott","9":"first","10":"outofstock","11":"shipping-taxable","12":"purchasable","13":"product-type-variable","14":"has-default-attributes"},"jetpack_sharing_enabled":true,"_links":{"self":[{"href":"https:\/\/mustveepuukool.ee\/et\/wp-json\/wp\/v2\/product\/6755","targetHints":{"allow":["GET"]}}],"collection":[{"href":"https:\/\/mustveepuukool.ee\/et\/wp-json\/wp\/v2\/product"}],"about":[{"href":"https:\/\/mustveepuukool.ee\/et\/wp-json\/wp\/v2\/types\/product"}],"version-history":[{"count":2,"href":"https:\/\/mustveepuukool.ee\/et\/wp-json\/wp\/v2\/product\/6755\/revisions"}],"predecessor-version":[{"id":6759,"href":"https:\/\/mustveepuukool.ee\/et\/wp-json\/wp\/v2\/product\/6755\/revisions\/6759"}],"wp:featuredmedia":[{"embeddable":true,"href":"https:\/\/mustveepuukool.ee\/et\/wp-json\/wp\/v2\/media\/6756"}],"wp:attachment":[{"href":"https:\/\/mustveepuukool.ee\/et\/wp-json\/wp\/v2\/media?parent=6755"}],"wp:term":[{"taxonomy":"product_brand","embeddable":true,"href":"https:\/\/mustveepuukool.ee\/et\/wp-json\/wp\/v2\/product_brand?post=6755"},{"taxonomy":"product_cat","embeddable":true,"href":"https:\/\/mustveepuukool.ee\/et\/wp-json\/wp\/v2\/product_cat?post=6755"},{"taxonomy":"product_tag","embeddable":true,"href":"https:\/\/mustveepuukool.ee\/et\/wp-json\/wp\/v2\/product_tag?post=6755"}],"curies":[{"name":"wp","href":"https:\/\/api.w.org\/{rel}","templated":true}]}}