{"id":6765,"date":"2025-02-01T21:27:42","date_gmt":"2025-02-01T21:27:42","guid":{"rendered":"https:\/\/mustveepuukool.ee\/?post_type=product&#038;p=6765"},"modified":"2026-04-13T12:25:50","modified_gmt":"2026-04-13T12:25:50","slug":"phlox-paniculata-purple-eye-flame","status":"publish","type":"product","link":"https:\/\/mustveepuukool.ee\/et\/shop\/taimed\/pusikud\/leeklilled\/phlox-paniculata-purple-eye-flame\/","title":{"rendered":"Phlox paniculata &#8216;Purple Eye Flame&#8217;"},"content":{"rendered":"<p>\u00d5ied on purpurlillad, l\u00f5hnavad.  NB! Varakevadel  jahukaste t\u00f5rjeks pritsida vasksulfaadiga v\u00f5i bordooseguga.<\/p>","protected":false},"excerpt":{"rendered":"<p>\u0424\u043b\u043e\u043a\u0441 \u043c\u0435\u0442\u0435\u043b\u044c\u0447\u0430\u0442\u044b\u0439<br \/>\u2191 \u00f5iega 1m <br \/>\u2194 50cm <br \/>\u25d1\u3007 <br \/>\ua564 juuli-september <br \/>&#8212; 29\u00b0C (5 tsoon)<\/p>","protected":false},"featured_media":9177,"template":"","meta":[],"product_brand":[],"product_cat":[154],"product_tag":[],"class_list":{"0":"post-6765","1":"product","2":"type-product","3":"status-publish","4":"has-post-thumbnail","6":"product_cat-leeklilled","7":"pa_suurus-18-cm-pott","9":"first","10":"instock","11":"shipping-taxable","12":"purchasable","13":"product-type-variable","14":"has-default-attributes"},"jetpack_sharing_enabled":true,"_links":{"self":[{"href":"https:\/\/mustveepuukool.ee\/et\/wp-json\/wp\/v2\/product\/6765","targetHints":{"allow":["GET"]}}],"collection":[{"href":"https:\/\/mustveepuukool.ee\/et\/wp-json\/wp\/v2\/product"}],"about":[{"href":"https:\/\/mustveepuukool.ee\/et\/wp-json\/wp\/v2\/types\/product"}],"version-history":[{"count":3,"href":"https:\/\/mustveepuukool.ee\/et\/wp-json\/wp\/v2\/product\/6765\/revisions"}],"predecessor-version":[{"id":9183,"href":"https:\/\/mustveepuukool.ee\/et\/wp-json\/wp\/v2\/product\/6765\/revisions\/9183"}],"wp:featuredmedia":[{"embeddable":true,"href":"https:\/\/mustveepuukool.ee\/et\/wp-json\/wp\/v2\/media\/9177"}],"wp:attachment":[{"href":"https:\/\/mustveepuukool.ee\/et\/wp-json\/wp\/v2\/media?parent=6765"}],"wp:term":[{"taxonomy":"product_brand","embeddable":true,"href":"https:\/\/mustveepuukool.ee\/et\/wp-json\/wp\/v2\/product_brand?post=6765"},{"taxonomy":"product_cat","embeddable":true,"href":"https:\/\/mustveepuukool.ee\/et\/wp-json\/wp\/v2\/product_cat?post=6765"},{"taxonomy":"product_tag","embeddable":true,"href":"https:\/\/mustveepuukool.ee\/et\/wp-json\/wp\/v2\/product_tag?post=6765"}],"curies":[{"name":"wp","href":"https:\/\/api.w.org\/{rel}","templated":true}]}}