{"id":677,"date":"2024-01-18T21:39:11","date_gmt":"2024-01-18T21:39:11","guid":{"rendered":"https:\/\/mustveepuukool.ee\/?post_type=product&#038;p=677"},"modified":"2026-01-19T16:51:51","modified_gmt":"2026-01-19T16:51:51","slug":"berberis-thunbergii-dart-s-red-lady","status":"publish","type":"product","link":"https:\/\/mustveepuukool.ee\/et\/shop\/taimed\/ilupoosad\/kukerpuu\/berberis-thunbergii-dart-s-red-lady\/","title":{"rendered":"Berberis thunbergii &#8216;Dart-s Red Lady&#8217;"},"content":{"rendered":"<p>Laikerajas mustjaspunase lehestikuga kompaktne p\u00f5\u00f5sas. Kollased, l\u00f5hnavad \u00f5ied. S\u00fcgis v\u00e4rvib lehed k\u00e4rtspunaseks. Korallpunased piklikud viljad v\u00f5rsetel talv l\u00e4bi.<\/p>","protected":false},"excerpt":{"rendered":"<p>Thunbergi kukerpuu<br \/>\u2191 60-80cm <br \/>\u2194 60-80cm <br \/>\u25d1\u3007 <br \/>\ua564 mai-juuni <br \/>&#8212; 29\u00b0C (5 tsoon)<\/p>","protected":false},"featured_media":678,"template":"","meta":[],"product_brand":[],"product_cat":[210],"product_tag":[],"class_list":{"0":"post-677","1":"product","2":"type-product","3":"status-publish","4":"has-post-thumbnail","6":"product_cat-kukerpuu","7":"pa_suurus-2l-pott","9":"first","10":"outofstock","11":"shipping-taxable","12":"purchasable","13":"product-type-variable","14":"has-default-attributes"},"jetpack_sharing_enabled":true,"_links":{"self":[{"href":"https:\/\/mustveepuukool.ee\/et\/wp-json\/wp\/v2\/product\/677","targetHints":{"allow":["GET"]}}],"collection":[{"href":"https:\/\/mustveepuukool.ee\/et\/wp-json\/wp\/v2\/product"}],"about":[{"href":"https:\/\/mustveepuukool.ee\/et\/wp-json\/wp\/v2\/types\/product"}],"version-history":[{"count":1,"href":"https:\/\/mustveepuukool.ee\/et\/wp-json\/wp\/v2\/product\/677\/revisions"}],"predecessor-version":[{"id":4528,"href":"https:\/\/mustveepuukool.ee\/et\/wp-json\/wp\/v2\/product\/677\/revisions\/4528"}],"wp:featuredmedia":[{"embeddable":true,"href":"https:\/\/mustveepuukool.ee\/et\/wp-json\/wp\/v2\/media\/678"}],"wp:attachment":[{"href":"https:\/\/mustveepuukool.ee\/et\/wp-json\/wp\/v2\/media?parent=677"}],"wp:term":[{"taxonomy":"product_brand","embeddable":true,"href":"https:\/\/mustveepuukool.ee\/et\/wp-json\/wp\/v2\/product_brand?post=677"},{"taxonomy":"product_cat","embeddable":true,"href":"https:\/\/mustveepuukool.ee\/et\/wp-json\/wp\/v2\/product_cat?post=677"},{"taxonomy":"product_tag","embeddable":true,"href":"https:\/\/mustveepuukool.ee\/et\/wp-json\/wp\/v2\/product_tag?post=677"}],"curies":[{"name":"wp","href":"https:\/\/api.w.org\/{rel}","templated":true}]}}