{"id":679,"date":"2024-01-18T21:47:10","date_gmt":"2024-01-18T21:47:10","guid":{"rendered":"https:\/\/mustveepuukool.ee\/?post_type=product&#038;p=679"},"modified":"2026-04-21T12:29:32","modified_gmt":"2026-04-21T12:29:32","slug":"diervilla-sessilifolia-butterfly","status":"publish","type":"product","link":"https:\/\/mustveepuukool.ee\/et\/shop\/taimed\/ilupoosad\/muud-ilupoosad\/diervilla-sessilifolia-butterfly\/","title":{"rendered":"Diervilla sessilifolia  &#8216;Butterfly&#8217;"},"content":{"rendered":"<p>Tumeroheliste lehtede, punaste varte ja kollaste l\u00f5hnavate \u00f5itega v\u00e4hen\u00f5udlik tihe p\u00f5\u00f5sas. \u00d5itseb rikkalikult. Hinnatud kauni lehestiku, pika \u00f5itsemiseaja ja kauni s\u00fcgisv\u00e4rvuse t\u00f5ttu.<\/p>","protected":false},"excerpt":{"rendered":"<p>Teravalehine diervilla<br \/>\u2191100cm <br \/>\u2194100cm <br \/>\u25cf\u25d1\u3007 <br \/>\ua564 juuni-august <br \/>-29\u00b0C (5 tsoon)<\/p>","protected":false},"featured_media":680,"template":"","meta":[],"product_brand":[],"product_cat":[127],"product_tag":[],"class_list":{"0":"post-679","1":"product","2":"type-product","3":"status-publish","4":"has-post-thumbnail","6":"product_cat-muud-ilupoosad","7":"pa_suurus-15cm-pott","9":"first","10":"instock","11":"shipping-taxable","12":"purchasable","13":"product-type-variable","14":"has-default-attributes"},"jetpack_sharing_enabled":true,"_links":{"self":[{"href":"https:\/\/mustveepuukool.ee\/et\/wp-json\/wp\/v2\/product\/679","targetHints":{"allow":["GET"]}}],"collection":[{"href":"https:\/\/mustveepuukool.ee\/et\/wp-json\/wp\/v2\/product"}],"about":[{"href":"https:\/\/mustveepuukool.ee\/et\/wp-json\/wp\/v2\/types\/product"}],"version-history":[{"count":1,"href":"https:\/\/mustveepuukool.ee\/et\/wp-json\/wp\/v2\/product\/679\/revisions"}],"predecessor-version":[{"id":9263,"href":"https:\/\/mustveepuukool.ee\/et\/wp-json\/wp\/v2\/product\/679\/revisions\/9263"}],"wp:featuredmedia":[{"embeddable":true,"href":"https:\/\/mustveepuukool.ee\/et\/wp-json\/wp\/v2\/media\/680"}],"wp:attachment":[{"href":"https:\/\/mustveepuukool.ee\/et\/wp-json\/wp\/v2\/media?parent=679"}],"wp:term":[{"taxonomy":"product_brand","embeddable":true,"href":"https:\/\/mustveepuukool.ee\/et\/wp-json\/wp\/v2\/product_brand?post=679"},{"taxonomy":"product_cat","embeddable":true,"href":"https:\/\/mustveepuukool.ee\/et\/wp-json\/wp\/v2\/product_cat?post=679"},{"taxonomy":"product_tag","embeddable":true,"href":"https:\/\/mustveepuukool.ee\/et\/wp-json\/wp\/v2\/product_tag?post=679"}],"curies":[{"name":"wp","href":"https:\/\/api.w.org\/{rel}","templated":true}]}}