{"id":6806,"date":"2025-02-03T07:49:43","date_gmt":"2025-02-03T07:49:43","guid":{"rendered":"https:\/\/mustveepuukool.ee\/?post_type=product&#038;p=6806"},"modified":"2026-01-21T14:44:18","modified_gmt":"2026-01-21T14:44:18","slug":"phlox-sibulata-amazing-grace","status":"publish","type":"product","link":"https:\/\/mustveepuukool.ee\/et\/shop\/taimed\/pusikud\/leeklilled\/phlox-sibulata-amazing-grace\/","title":{"rendered":"Phlox sibulata &#8216;Amazing Grace&#8217;"},"content":{"rendered":"<p>Pinnakatja. Igihaljas. Taim moodustab tiheda peenete lehtedega m\u00e4tta. \u00d5ied on valged roosaka s\u00fcdamikuga. Rikkalik \u00f5itseja. Teine \u200b\u200b\u00f5itsemine august-oktoober. V\u00e4hen\u00f5udlik.<\/p>","protected":false},"excerpt":{"rendered":"<p>N\u00f5eljalehine leeklill, padjandfloks<br \/>\u2191 \u00f5iega 15cm <br \/>\u25d1\u3007 <br \/>\ua564 mai-juuni <br \/>&#8212; 29\u00b0C (5 tsoon)<\/p>","protected":false},"featured_media":6807,"template":"","meta":[],"product_brand":[],"product_cat":[154],"product_tag":[],"class_list":{"0":"post-6806","1":"product","2":"type-product","3":"status-publish","4":"has-post-thumbnail","6":"product_cat-leeklilled","7":"pa_suurus-9cm-pott","9":"first","10":"outofstock","11":"shipping-taxable","12":"purchasable","13":"product-type-variable","14":"has-default-attributes"},"jetpack_sharing_enabled":true,"_links":{"self":[{"href":"https:\/\/mustveepuukool.ee\/et\/wp-json\/wp\/v2\/product\/6806","targetHints":{"allow":["GET"]}}],"collection":[{"href":"https:\/\/mustveepuukool.ee\/et\/wp-json\/wp\/v2\/product"}],"about":[{"href":"https:\/\/mustveepuukool.ee\/et\/wp-json\/wp\/v2\/types\/product"}],"version-history":[{"count":2,"href":"https:\/\/mustveepuukool.ee\/et\/wp-json\/wp\/v2\/product\/6806\/revisions"}],"predecessor-version":[{"id":6810,"href":"https:\/\/mustveepuukool.ee\/et\/wp-json\/wp\/v2\/product\/6806\/revisions\/6810"}],"wp:featuredmedia":[{"embeddable":true,"href":"https:\/\/mustveepuukool.ee\/et\/wp-json\/wp\/v2\/media\/6807"}],"wp:attachment":[{"href":"https:\/\/mustveepuukool.ee\/et\/wp-json\/wp\/v2\/media?parent=6806"}],"wp:term":[{"taxonomy":"product_brand","embeddable":true,"href":"https:\/\/mustveepuukool.ee\/et\/wp-json\/wp\/v2\/product_brand?post=6806"},{"taxonomy":"product_cat","embeddable":true,"href":"https:\/\/mustveepuukool.ee\/et\/wp-json\/wp\/v2\/product_cat?post=6806"},{"taxonomy":"product_tag","embeddable":true,"href":"https:\/\/mustveepuukool.ee\/et\/wp-json\/wp\/v2\/product_tag?post=6806"}],"curies":[{"name":"wp","href":"https:\/\/api.w.org\/{rel}","templated":true}]}}