{"id":682,"date":"2024-01-18T21:50:00","date_gmt":"2024-01-18T21:50:00","guid":{"rendered":"https:\/\/mustveepuukool.ee\/?post_type=product&#038;p=682"},"modified":"2026-01-19T16:51:51","modified_gmt":"2026-01-19T16:51:51","slug":"diervilla-splendens-diva","status":"publish","type":"product","link":"https:\/\/mustveepuukool.ee\/et\/shop\/taimed\/ilupoosad\/muud-ilupoosad\/diervilla-splendens-diva\/","title":{"rendered":"Diervilla splendens &#8216;Diva&#8217;"},"content":{"rendered":"<p>Laiuva kasvukujuga madal p\u00f5\u00f5sas. Lehed tumedad purpurjad. Kollased torujad \u00f5ied juulis-augustis.<\/p>","protected":false},"excerpt":{"rendered":"<p>V\u00e4rd-takispuu<br \/>\u219190-100cm <br \/>\u219460-120cm <br \/>\u25cf\u25d1\u3007 <br \/>\ua564 juuni-august <br \/>-29\u00b0C (5 tsoon)<\/p>","protected":false},"featured_media":683,"template":"","meta":[],"product_brand":[],"product_cat":[127],"product_tag":[],"class_list":{"0":"post-682","1":"product","2":"type-product","3":"status-publish","4":"has-post-thumbnail","6":"product_cat-muud-ilupoosad","7":"pa_suurus-2l-pott","9":"first","10":"outofstock","11":"shipping-taxable","12":"purchasable","13":"product-type-variable","14":"has-default-attributes"},"jetpack_sharing_enabled":true,"_links":{"self":[{"href":"https:\/\/mustveepuukool.ee\/et\/wp-json\/wp\/v2\/product\/682","targetHints":{"allow":["GET"]}}],"collection":[{"href":"https:\/\/mustveepuukool.ee\/et\/wp-json\/wp\/v2\/product"}],"about":[{"href":"https:\/\/mustveepuukool.ee\/et\/wp-json\/wp\/v2\/types\/product"}],"version-history":[{"count":1,"href":"https:\/\/mustveepuukool.ee\/et\/wp-json\/wp\/v2\/product\/682\/revisions"}],"predecessor-version":[{"id":9262,"href":"https:\/\/mustveepuukool.ee\/et\/wp-json\/wp\/v2\/product\/682\/revisions\/9262"}],"wp:featuredmedia":[{"embeddable":true,"href":"https:\/\/mustveepuukool.ee\/et\/wp-json\/wp\/v2\/media\/683"}],"wp:attachment":[{"href":"https:\/\/mustveepuukool.ee\/et\/wp-json\/wp\/v2\/media?parent=682"}],"wp:term":[{"taxonomy":"product_brand","embeddable":true,"href":"https:\/\/mustveepuukool.ee\/et\/wp-json\/wp\/v2\/product_brand?post=682"},{"taxonomy":"product_cat","embeddable":true,"href":"https:\/\/mustveepuukool.ee\/et\/wp-json\/wp\/v2\/product_cat?post=682"},{"taxonomy":"product_tag","embeddable":true,"href":"https:\/\/mustveepuukool.ee\/et\/wp-json\/wp\/v2\/product_tag?post=682"}],"curies":[{"name":"wp","href":"https:\/\/api.w.org\/{rel}","templated":true}]}}