{"id":6868,"date":"2025-02-04T16:52:36","date_gmt":"2025-02-04T16:52:36","guid":{"rendered":"https:\/\/mustveepuukool.ee\/?post_type=product&#038;p=6868"},"modified":"2026-01-21T14:44:18","modified_gmt":"2026-01-21T14:44:18","slug":"phlox-sibulata-snowflake","status":"publish","type":"product","link":"https:\/\/mustveepuukool.ee\/et\/shop\/taimed\/pusikud\/leeklilled\/phlox-sibulata-snowflake\/","title":{"rendered":"Phlox sibulata &#8216;Snowflake&#8217;"},"content":{"rendered":"<p>Pinnakatja. Igihaljas. Taim moodustab tiheda peenete lehtedega m\u00e4tta. \u00d5ied on puhasvalged. Rikkalik \u00f5itseja. Teine \u200b\u200b\u00f5itsemine august-oktoober. V\u00e4hen\u00f5udlik.<\/p>","protected":false},"excerpt":{"rendered":"<p>N\u00f5eljalehine leeklill, padjandfloks<br \/>\u2191 \u00f5iega 15cm <br \/>\u25d1\u3007 <br \/>\ua564 mai-juuni <br \/>&#8212; 29\u00b0C (5 tsoon)<\/p>","protected":false},"featured_media":6869,"template":"","meta":[],"product_brand":[],"product_cat":[154],"product_tag":[],"class_list":{"0":"post-6868","1":"product","2":"type-product","3":"status-publish","4":"has-post-thumbnail","6":"product_cat-leeklilled","7":"pa_suurus-9cm-pott","9":"first","10":"outofstock","11":"shipping-taxable","12":"purchasable","13":"product-type-variable","14":"has-default-attributes"},"jetpack_sharing_enabled":true,"_links":{"self":[{"href":"https:\/\/mustveepuukool.ee\/et\/wp-json\/wp\/v2\/product\/6868","targetHints":{"allow":["GET"]}}],"collection":[{"href":"https:\/\/mustveepuukool.ee\/et\/wp-json\/wp\/v2\/product"}],"about":[{"href":"https:\/\/mustveepuukool.ee\/et\/wp-json\/wp\/v2\/types\/product"}],"version-history":[{"count":2,"href":"https:\/\/mustveepuukool.ee\/et\/wp-json\/wp\/v2\/product\/6868\/revisions"}],"predecessor-version":[{"id":6872,"href":"https:\/\/mustveepuukool.ee\/et\/wp-json\/wp\/v2\/product\/6868\/revisions\/6872"}],"wp:featuredmedia":[{"embeddable":true,"href":"https:\/\/mustveepuukool.ee\/et\/wp-json\/wp\/v2\/media\/6869"}],"wp:attachment":[{"href":"https:\/\/mustveepuukool.ee\/et\/wp-json\/wp\/v2\/media?parent=6868"}],"wp:term":[{"taxonomy":"product_brand","embeddable":true,"href":"https:\/\/mustveepuukool.ee\/et\/wp-json\/wp\/v2\/product_brand?post=6868"},{"taxonomy":"product_cat","embeddable":true,"href":"https:\/\/mustveepuukool.ee\/et\/wp-json\/wp\/v2\/product_cat?post=6868"},{"taxonomy":"product_tag","embeddable":true,"href":"https:\/\/mustveepuukool.ee\/et\/wp-json\/wp\/v2\/product_tag?post=6868"}],"curies":[{"name":"wp","href":"https:\/\/api.w.org\/{rel}","templated":true}]}}