{"id":6883,"date":"2025-02-04T21:18:39","date_gmt":"2025-02-04T21:18:39","guid":{"rendered":"https:\/\/mustveepuukool.ee\/?post_type=product&#038;p=6883"},"modified":"2026-01-21T14:43:42","modified_gmt":"2026-01-21T14:43:42","slug":"polemonium-caeruleum-brise-d-anjou","status":"publish","type":"product","link":"https:\/\/mustveepuukool.ee\/et\/shop\/taimed\/pusikud\/muud-pusikud\/polemonium-caeruleum-brise-d-anjou\/","title":{"rendered":"Polemonium caeruleum &#8216;Brise d-Anjou&#8217;"},"content":{"rendered":"<p>Kirjulehine. \u00d5ied on sinised. Ravim- ja meetaim. V\u00e4hen\u00f5udlik.<\/p>","protected":false},"excerpt":{"rendered":"<p>Harilik sinilatv<br \/>\u2191 60 cm<br \/>\u25d1\u3007 <br \/>\ua564 juuni-august <br \/>&#8212; 29\u00b0C (5 tsoon)<\/p>","protected":false},"featured_media":6884,"template":"","meta":[],"product_brand":[],"product_cat":[111],"product_tag":[],"class_list":{"0":"post-6883","1":"product","2":"type-product","3":"status-publish","4":"has-post-thumbnail","6":"product_cat-muud-pusikud","7":"pa_suurus-9cm-pott","9":"first","10":"outofstock","11":"shipping-taxable","12":"purchasable","13":"product-type-variable","14":"has-default-attributes"},"jetpack_sharing_enabled":true,"_links":{"self":[{"href":"https:\/\/mustveepuukool.ee\/et\/wp-json\/wp\/v2\/product\/6883","targetHints":{"allow":["GET"]}}],"collection":[{"href":"https:\/\/mustveepuukool.ee\/et\/wp-json\/wp\/v2\/product"}],"about":[{"href":"https:\/\/mustveepuukool.ee\/et\/wp-json\/wp\/v2\/types\/product"}],"version-history":[{"count":3,"href":"https:\/\/mustveepuukool.ee\/et\/wp-json\/wp\/v2\/product\/6883\/revisions"}],"predecessor-version":[{"id":8596,"href":"https:\/\/mustveepuukool.ee\/et\/wp-json\/wp\/v2\/product\/6883\/revisions\/8596"}],"wp:featuredmedia":[{"embeddable":true,"href":"https:\/\/mustveepuukool.ee\/et\/wp-json\/wp\/v2\/media\/6884"}],"wp:attachment":[{"href":"https:\/\/mustveepuukool.ee\/et\/wp-json\/wp\/v2\/media?parent=6883"}],"wp:term":[{"taxonomy":"product_brand","embeddable":true,"href":"https:\/\/mustveepuukool.ee\/et\/wp-json\/wp\/v2\/product_brand?post=6883"},{"taxonomy":"product_cat","embeddable":true,"href":"https:\/\/mustveepuukool.ee\/et\/wp-json\/wp\/v2\/product_cat?post=6883"},{"taxonomy":"product_tag","embeddable":true,"href":"https:\/\/mustveepuukool.ee\/et\/wp-json\/wp\/v2\/product_tag?post=6883"}],"curies":[{"name":"wp","href":"https:\/\/api.w.org\/{rel}","templated":true}]}}