{"id":700,"date":"2024-01-19T18:10:50","date_gmt":"2024-01-19T18:10:50","guid":{"rendered":"https:\/\/mustveepuukool.ee\/?post_type=product&#038;p=700"},"modified":"2026-01-19T16:51:51","modified_gmt":"2026-01-19T16:51:51","slug":"viburnum-opulus-roseum","status":"publish","type":"product","link":"https:\/\/mustveepuukool.ee\/et\/shop\/taimed\/ilupoosad\/muud-ilupoosad\/viburnum-opulus-roseum\/","title":{"rendered":"Viburnum opulus &#8216;Roseum&#8217; (Boule de Neige)"},"content":{"rendered":"<p>Suured steriilsed \u00f5ied, mille tulemuseks on suur \u00fcmmargune umbes 7cm l\u00e4bim\u00f5\u00f5duga lumepalli meenutav \u00f5is. Vahtrataoliste lehed, mis muutuvad s\u00fcgisel atraktiivseks oma oran\u017eide ja punaste toonidega.<\/p>","protected":false},"excerpt":{"rendered":"<p>Harilik lodjapuu<br \/>\u2191 2-2,5 m <br \/>\u2194 2 m<br \/>\u25d1\u3007 <br \/>\ua564 mai-juuni <br \/>&#8212; 29\u00b0C (5 tsoon)<\/p>","protected":false},"featured_media":701,"template":"","meta":[],"product_brand":[],"product_cat":[127],"product_tag":[],"class_list":{"0":"post-700","1":"product","2":"type-product","3":"status-publish","4":"has-post-thumbnail","6":"product_cat-muud-ilupoosad","7":"pa_suurus-2l-pott","9":"first","10":"outofstock","11":"shipping-taxable","12":"purchasable","13":"product-type-variable","14":"has-default-attributes"},"jetpack_sharing_enabled":true,"_links":{"self":[{"href":"https:\/\/mustveepuukool.ee\/et\/wp-json\/wp\/v2\/product\/700","targetHints":{"allow":["GET"]}}],"collection":[{"href":"https:\/\/mustveepuukool.ee\/et\/wp-json\/wp\/v2\/product"}],"about":[{"href":"https:\/\/mustveepuukool.ee\/et\/wp-json\/wp\/v2\/types\/product"}],"version-history":[{"count":2,"href":"https:\/\/mustveepuukool.ee\/et\/wp-json\/wp\/v2\/product\/700\/revisions"}],"predecessor-version":[{"id":4864,"href":"https:\/\/mustveepuukool.ee\/et\/wp-json\/wp\/v2\/product\/700\/revisions\/4864"}],"wp:featuredmedia":[{"embeddable":true,"href":"https:\/\/mustveepuukool.ee\/et\/wp-json\/wp\/v2\/media\/701"}],"wp:attachment":[{"href":"https:\/\/mustveepuukool.ee\/et\/wp-json\/wp\/v2\/media?parent=700"}],"wp:term":[{"taxonomy":"product_brand","embeddable":true,"href":"https:\/\/mustveepuukool.ee\/et\/wp-json\/wp\/v2\/product_brand?post=700"},{"taxonomy":"product_cat","embeddable":true,"href":"https:\/\/mustveepuukool.ee\/et\/wp-json\/wp\/v2\/product_cat?post=700"},{"taxonomy":"product_tag","embeddable":true,"href":"https:\/\/mustveepuukool.ee\/et\/wp-json\/wp\/v2\/product_tag?post=700"}],"curies":[{"name":"wp","href":"https:\/\/api.w.org\/{rel}","templated":true}]}}