{"id":712,"date":"2024-01-20T12:40:02","date_gmt":"2024-01-20T12:40:02","guid":{"rendered":"https:\/\/mustveepuukool.ee\/?post_type=product&#038;p=712"},"modified":"2026-01-19T16:51:08","modified_gmt":"2026-01-19T16:51:08","slug":"salix-elaeagnos-angustifolia","status":"publish","type":"product","link":"https:\/\/mustveepuukool.ee\/et\/shop\/taimed\/ilupoosad\/pajud\/salix-elaeagnos-angustifolia\/","title":{"rendered":"Salix elaeagnos  &#8216;Angustifolia&#8217;"},"content":{"rendered":"<p>H\u00f5bedased rohekashallid kitsad lehed. Oksad oranz-punased. S\u00fcgise v\u00e4rvus on kollane. Hooldusvaba.<\/p>","protected":false},"excerpt":{"rendered":"<p>Hallpaju (h\u00f5bepaju)<br \/>\u2191 2 m <br \/>\u2194 2 m <br \/>\u25d1\u3007 <br \/>\ua564 mai <br \/>&#8212; 29\u00b0C (5 tsoon)<\/p>","protected":false},"featured_media":713,"template":"","meta":[],"product_brand":[],"product_cat":[80],"product_tag":[],"class_list":{"0":"post-712","1":"product","2":"type-product","3":"status-publish","4":"has-post-thumbnail","6":"product_cat-pajud","7":"pa_suurus-2l-pott","8":"pa_suurus-3l-pott","10":"first","11":"outofstock","12":"shipping-taxable","13":"purchasable","14":"product-type-variable","15":"has-default-attributes"},"jetpack_sharing_enabled":true,"_links":{"self":[{"href":"https:\/\/mustveepuukool.ee\/et\/wp-json\/wp\/v2\/product\/712","targetHints":{"allow":["GET"]}}],"collection":[{"href":"https:\/\/mustveepuukool.ee\/et\/wp-json\/wp\/v2\/product"}],"about":[{"href":"https:\/\/mustveepuukool.ee\/et\/wp-json\/wp\/v2\/types\/product"}],"version-history":[{"count":2,"href":"https:\/\/mustveepuukool.ee\/et\/wp-json\/wp\/v2\/product\/712\/revisions"}],"predecessor-version":[{"id":4713,"href":"https:\/\/mustveepuukool.ee\/et\/wp-json\/wp\/v2\/product\/712\/revisions\/4713"}],"wp:featuredmedia":[{"embeddable":true,"href":"https:\/\/mustveepuukool.ee\/et\/wp-json\/wp\/v2\/media\/713"}],"wp:attachment":[{"href":"https:\/\/mustveepuukool.ee\/et\/wp-json\/wp\/v2\/media?parent=712"}],"wp:term":[{"taxonomy":"product_brand","embeddable":true,"href":"https:\/\/mustveepuukool.ee\/et\/wp-json\/wp\/v2\/product_brand?post=712"},{"taxonomy":"product_cat","embeddable":true,"href":"https:\/\/mustveepuukool.ee\/et\/wp-json\/wp\/v2\/product_cat?post=712"},{"taxonomy":"product_tag","embeddable":true,"href":"https:\/\/mustveepuukool.ee\/et\/wp-json\/wp\/v2\/product_tag?post=712"}],"curies":[{"name":"wp","href":"https:\/\/api.w.org\/{rel}","templated":true}]}}