{"id":715,"date":"2024-01-20T12:48:05","date_gmt":"2024-01-20T12:48:05","guid":{"rendered":"https:\/\/mustveepuukool.ee\/?post_type=product&#038;p=715"},"modified":"2026-01-19T16:51:08","modified_gmt":"2026-01-19T16:51:08","slug":"salix-purpurea-nana","status":"publish","type":"product","link":"https:\/\/mustveepuukool.ee\/et\/shop\/taimed\/ilupoosad\/pajud\/salix-purpurea-nana\/","title":{"rendered":"Salix purpurea  &#8216;Nana&#8217;"},"content":{"rendered":"<p>Hallikasroheliste piklike lehtede ja punakate v\u00f5rsetega tihe p\u00f5\u00f5sas. Kompaktne ning k\u00e4rpimisega lihtsasti vormitav. L\u00e4heb varakult lehte ja need p\u00fcsivad s\u00fcgisel kaua p\u00f5\u00f5sal.<\/p>","protected":false},"excerpt":{"rendered":"<p>Punapaju<br \/>\u2191 1-1,5 m <br \/>\u2194 1,5-2 m <br \/>\u25d1\u3007 <br \/>\ua564 juuni <br \/>&#8212; 29\u00b0C (5 tsoon)<\/p>","protected":false},"featured_media":716,"template":"","meta":[],"product_brand":[],"product_cat":[80],"product_tag":[],"class_list":{"0":"post-715","1":"product","2":"type-product","3":"status-publish","4":"has-post-thumbnail","6":"product_cat-pajud","7":"pa_suurus-2l-pott","8":"pa_suurus-3l-pott","10":"first","11":"outofstock","12":"shipping-taxable","13":"purchasable","14":"product-type-variable","15":"has-default-attributes"},"jetpack_sharing_enabled":true,"_links":{"self":[{"href":"https:\/\/mustveepuukool.ee\/et\/wp-json\/wp\/v2\/product\/715","targetHints":{"allow":["GET"]}}],"collection":[{"href":"https:\/\/mustveepuukool.ee\/et\/wp-json\/wp\/v2\/product"}],"about":[{"href":"https:\/\/mustveepuukool.ee\/et\/wp-json\/wp\/v2\/types\/product"}],"version-history":[{"count":2,"href":"https:\/\/mustveepuukool.ee\/et\/wp-json\/wp\/v2\/product\/715\/revisions"}],"predecessor-version":[{"id":4719,"href":"https:\/\/mustveepuukool.ee\/et\/wp-json\/wp\/v2\/product\/715\/revisions\/4719"}],"wp:featuredmedia":[{"embeddable":true,"href":"https:\/\/mustveepuukool.ee\/et\/wp-json\/wp\/v2\/media\/716"}],"wp:attachment":[{"href":"https:\/\/mustveepuukool.ee\/et\/wp-json\/wp\/v2\/media?parent=715"}],"wp:term":[{"taxonomy":"product_brand","embeddable":true,"href":"https:\/\/mustveepuukool.ee\/et\/wp-json\/wp\/v2\/product_brand?post=715"},{"taxonomy":"product_cat","embeddable":true,"href":"https:\/\/mustveepuukool.ee\/et\/wp-json\/wp\/v2\/product_cat?post=715"},{"taxonomy":"product_tag","embeddable":true,"href":"https:\/\/mustveepuukool.ee\/et\/wp-json\/wp\/v2\/product_tag?post=715"}],"curies":[{"name":"wp","href":"https:\/\/api.w.org\/{rel}","templated":true}]}}