{"id":718,"date":"2024-01-20T12:57:15","date_gmt":"2024-01-20T12:57:15","guid":{"rendered":"https:\/\/mustveepuukool.ee\/?post_type=product&#038;p=718"},"modified":"2026-01-19T16:51:08","modified_gmt":"2026-01-19T16:51:08","slug":"salix-repens-nitida","status":"publish","type":"product","link":"https:\/\/mustveepuukool.ee\/et\/shop\/taimed\/ilupoosad\/pajud\/salix-repens-nitida\/","title":{"rendered":"Salix repens &#8216;Nitida&#8217;"},"content":{"rendered":"<p>Roomav v\u00f5i t\u00f5usvate okstega p\u00f5\u00f5sas. H\u00f5bedased rohekashallid kitsad lehed.<\/p>","protected":false},"excerpt":{"rendered":"<p>Liivpaju<br \/>\u2191 1-1,5 m <br \/>\u2194 60-90 cm <br \/>\u25d1\u3007 <br \/>\ua564 aprill-mai <br \/>&#8212; 29\u00b0C (5 tsoon)<\/p>","protected":false},"featured_media":720,"template":"","meta":[],"product_brand":[],"product_cat":[80],"product_tag":[],"class_list":{"0":"post-718","1":"product","2":"type-product","3":"status-publish","4":"has-post-thumbnail","6":"product_cat-pajud","7":"pa_suurus-2l-pott","8":"pa_suurus-3l-pott","10":"first","11":"outofstock","12":"shipping-taxable","13":"purchasable","14":"product-type-variable","15":"has-default-attributes"},"jetpack_sharing_enabled":true,"_links":{"self":[{"href":"https:\/\/mustveepuukool.ee\/et\/wp-json\/wp\/v2\/product\/718","targetHints":{"allow":["GET"]}}],"collection":[{"href":"https:\/\/mustveepuukool.ee\/et\/wp-json\/wp\/v2\/product"}],"about":[{"href":"https:\/\/mustveepuukool.ee\/et\/wp-json\/wp\/v2\/types\/product"}],"version-history":[{"count":2,"href":"https:\/\/mustveepuukool.ee\/et\/wp-json\/wp\/v2\/product\/718\/revisions"}],"predecessor-version":[{"id":4722,"href":"https:\/\/mustveepuukool.ee\/et\/wp-json\/wp\/v2\/product\/718\/revisions\/4722"}],"wp:featuredmedia":[{"embeddable":true,"href":"https:\/\/mustveepuukool.ee\/et\/wp-json\/wp\/v2\/media\/720"}],"wp:attachment":[{"href":"https:\/\/mustveepuukool.ee\/et\/wp-json\/wp\/v2\/media?parent=718"}],"wp:term":[{"taxonomy":"product_brand","embeddable":true,"href":"https:\/\/mustveepuukool.ee\/et\/wp-json\/wp\/v2\/product_brand?post=718"},{"taxonomy":"product_cat","embeddable":true,"href":"https:\/\/mustveepuukool.ee\/et\/wp-json\/wp\/v2\/product_cat?post=718"},{"taxonomy":"product_tag","embeddable":true,"href":"https:\/\/mustveepuukool.ee\/et\/wp-json\/wp\/v2\/product_tag?post=718"}],"curies":[{"name":"wp","href":"https:\/\/api.w.org\/{rel}","templated":true}]}}