{"id":7180,"date":"2025-02-08T16:49:21","date_gmt":"2025-02-08T16:49:21","guid":{"rendered":"https:\/\/mustveepuukool.ee\/?post_type=product&#038;p=7180"},"modified":"2026-04-07T14:10:10","modified_gmt":"2026-04-07T14:10:10","slug":"ribes-aureum","status":"publish","type":"product","link":"https:\/\/mustveepuukool.ee\/et\/shop\/taimed\/viljapuud-ja-marjad\/soster\/ribes-aureum\/","title":{"rendered":"Ribes aureum"},"content":{"rendered":"<p>S\u00f6\u00f6dav ja dekoratiivne. \u00d5ied on kollased, rikkalikult \u00f5itsemine. Marjad on mustjad, v\u00e4ga maitsvad, hapu-magusad. Meelitab ligi kasulikke putukaid. V\u00e4hen\u00f5udlik. Isetolmlev, suurema saagi saamiseks istutada valge s\u00f5stra l\u00e4hedussel.<\/p>","protected":false},"excerpt":{"rendered":"<p>Kulds\u00f5star<br \/>\u2191 10-aastane 2-2,5m <br \/>\u2194 2-2,5m <br \/>\u25d1\u3007 <br \/>\ua564 mai-juuni <br \/>&#8212; 29\u00b0C (5 tsoon)<\/p>","protected":false},"featured_media":7181,"template":"","meta":[],"product_brand":[],"product_cat":[100],"product_tag":[],"class_list":{"0":"post-7180","1":"product","2":"type-product","3":"status-publish","4":"has-post-thumbnail","6":"product_cat-soster","7":"pa_suurus-1m","9":"first","10":"instock","11":"shipping-taxable","12":"purchasable","13":"product-type-variable","14":"has-default-attributes"},"jetpack_sharing_enabled":true,"_links":{"self":[{"href":"https:\/\/mustveepuukool.ee\/et\/wp-json\/wp\/v2\/product\/7180","targetHints":{"allow":["GET"]}}],"collection":[{"href":"https:\/\/mustveepuukool.ee\/et\/wp-json\/wp\/v2\/product"}],"about":[{"href":"https:\/\/mustveepuukool.ee\/et\/wp-json\/wp\/v2\/types\/product"}],"version-history":[{"count":2,"href":"https:\/\/mustveepuukool.ee\/et\/wp-json\/wp\/v2\/product\/7180\/revisions"}],"predecessor-version":[{"id":7184,"href":"https:\/\/mustveepuukool.ee\/et\/wp-json\/wp\/v2\/product\/7180\/revisions\/7184"}],"wp:featuredmedia":[{"embeddable":true,"href":"https:\/\/mustveepuukool.ee\/et\/wp-json\/wp\/v2\/media\/7181"}],"wp:attachment":[{"href":"https:\/\/mustveepuukool.ee\/et\/wp-json\/wp\/v2\/media?parent=7180"}],"wp:term":[{"taxonomy":"product_brand","embeddable":true,"href":"https:\/\/mustveepuukool.ee\/et\/wp-json\/wp\/v2\/product_brand?post=7180"},{"taxonomy":"product_cat","embeddable":true,"href":"https:\/\/mustveepuukool.ee\/et\/wp-json\/wp\/v2\/product_cat?post=7180"},{"taxonomy":"product_tag","embeddable":true,"href":"https:\/\/mustveepuukool.ee\/et\/wp-json\/wp\/v2\/product_tag?post=7180"}],"curies":[{"name":"wp","href":"https:\/\/api.w.org\/{rel}","templated":true}]}}