{"id":7185,"date":"2025-02-08T16:56:24","date_gmt":"2025-02-08T16:56:24","guid":{"rendered":"https:\/\/mustveepuukool.ee\/?post_type=product&#038;p=7185"},"modified":"2026-04-05T09:34:00","modified_gmt":"2026-04-05T09:34:00","slug":"ribes-x-nidigrolaria-jostaberry","status":"publish","type":"product","link":"https:\/\/mustveepuukool.ee\/et\/shop\/taimed\/viljapuud-ja-marjad\/karusmari\/ribes-x-nidigrolaria-jostaberry\/","title":{"rendered":"Ribes x nidigrolaria &#8216;Jostaberry&#8217;"},"content":{"rendered":"<p>Ei ole okkaid. Isetolmlev, suurema saagi saamiseks kui musts\u00f5star k\u00f5rval. Viljad mustjasvioletsed, magushapukas.<\/p>","protected":false},"excerpt":{"rendered":"<p>S\u00f5stik, Karuss\u00f5star (ristatud must s\u00f5star x haraline karusmari x euroopa karusmari)<br \/>\u2191 1,5-2m <br \/>\u2194 1,5-2m <br \/>\u25d1\u3007 <br \/>\ua564 mai-juuni <br \/>&#8212; 29\u00b0C (5 tsoon)<\/p>","protected":false},"featured_media":7186,"template":"","meta":[],"product_brand":[],"product_cat":[101],"product_tag":[],"class_list":{"0":"post-7185","1":"product","2":"type-product","3":"status-publish","4":"has-post-thumbnail","6":"product_cat-karusmari","7":"pa_suurus-1m","9":"first","10":"instock","11":"shipping-taxable","12":"purchasable","13":"product-type-variable","14":"has-default-attributes"},"jetpack_sharing_enabled":true,"_links":{"self":[{"href":"https:\/\/mustveepuukool.ee\/et\/wp-json\/wp\/v2\/product\/7185","targetHints":{"allow":["GET"]}}],"collection":[{"href":"https:\/\/mustveepuukool.ee\/et\/wp-json\/wp\/v2\/product"}],"about":[{"href":"https:\/\/mustveepuukool.ee\/et\/wp-json\/wp\/v2\/types\/product"}],"version-history":[{"count":2,"href":"https:\/\/mustveepuukool.ee\/et\/wp-json\/wp\/v2\/product\/7185\/revisions"}],"predecessor-version":[{"id":7190,"href":"https:\/\/mustveepuukool.ee\/et\/wp-json\/wp\/v2\/product\/7185\/revisions\/7190"}],"wp:featuredmedia":[{"embeddable":true,"href":"https:\/\/mustveepuukool.ee\/et\/wp-json\/wp\/v2\/media\/7186"}],"wp:attachment":[{"href":"https:\/\/mustveepuukool.ee\/et\/wp-json\/wp\/v2\/media?parent=7185"}],"wp:term":[{"taxonomy":"product_brand","embeddable":true,"href":"https:\/\/mustveepuukool.ee\/et\/wp-json\/wp\/v2\/product_brand?post=7185"},{"taxonomy":"product_cat","embeddable":true,"href":"https:\/\/mustveepuukool.ee\/et\/wp-json\/wp\/v2\/product_cat?post=7185"},{"taxonomy":"product_tag","embeddable":true,"href":"https:\/\/mustveepuukool.ee\/et\/wp-json\/wp\/v2\/product_tag?post=7185"}],"curies":[{"name":"wp","href":"https:\/\/api.w.org\/{rel}","templated":true}]}}