{"id":7202,"date":"2025-02-08T17:13:23","date_gmt":"2025-02-08T17:13:23","guid":{"rendered":"https:\/\/mustveepuukool.ee\/?post_type=product&#038;p=7202"},"modified":"2026-04-01T12:51:45","modified_gmt":"2026-04-01T12:51:45","slug":"ribes-rubrum-witte-hollander","status":"publish","type":"product","link":"https:\/\/mustveepuukool.ee\/et\/shop\/taimed\/viljapuud-ja-marjad\/soster\/ribes-rubrum-witte-hollander\/","title":{"rendered":"Ribes rubrum &#8216;Witte Hollander&#8217;"},"content":{"rendered":"<p>Varajane. Saagikas. Viljad on kollakasvalged, suured, maitsvad. Meelitab ligi kasulikke putukaid. Vastupidav lehti kahjustavatele seenhaigustele. V\u00e4hen\u00f5udlik. Suurep\u00e4rane sobib haljastuseks.<\/p>","protected":false},"excerpt":{"rendered":"<p>Valge s\u00f5star<br \/>\u2191 1,5m <br \/>\u2194 1,5m <br \/>\u25d1\u3007 <br \/>\ua564 mai <br \/>&#8212; 29\u00b0C (5 tsoon)<\/p>","protected":false},"featured_media":7203,"template":"","meta":[],"product_brand":[],"product_cat":[100],"product_tag":[],"class_list":{"0":"post-7202","1":"product","2":"type-product","3":"status-publish","4":"has-post-thumbnail","6":"product_cat-soster","7":"pa_suurus-1m","9":"first","10":"instock","11":"shipping-taxable","12":"purchasable","13":"product-type-variable","14":"has-default-attributes"},"jetpack_sharing_enabled":true,"_links":{"self":[{"href":"https:\/\/mustveepuukool.ee\/et\/wp-json\/wp\/v2\/product\/7202","targetHints":{"allow":["GET"]}}],"collection":[{"href":"https:\/\/mustveepuukool.ee\/et\/wp-json\/wp\/v2\/product"}],"about":[{"href":"https:\/\/mustveepuukool.ee\/et\/wp-json\/wp\/v2\/types\/product"}],"version-history":[{"count":2,"href":"https:\/\/mustveepuukool.ee\/et\/wp-json\/wp\/v2\/product\/7202\/revisions"}],"predecessor-version":[{"id":7206,"href":"https:\/\/mustveepuukool.ee\/et\/wp-json\/wp\/v2\/product\/7202\/revisions\/7206"}],"wp:featuredmedia":[{"embeddable":true,"href":"https:\/\/mustveepuukool.ee\/et\/wp-json\/wp\/v2\/media\/7203"}],"wp:attachment":[{"href":"https:\/\/mustveepuukool.ee\/et\/wp-json\/wp\/v2\/media?parent=7202"}],"wp:term":[{"taxonomy":"product_brand","embeddable":true,"href":"https:\/\/mustveepuukool.ee\/et\/wp-json\/wp\/v2\/product_brand?post=7202"},{"taxonomy":"product_cat","embeddable":true,"href":"https:\/\/mustveepuukool.ee\/et\/wp-json\/wp\/v2\/product_cat?post=7202"},{"taxonomy":"product_tag","embeddable":true,"href":"https:\/\/mustveepuukool.ee\/et\/wp-json\/wp\/v2\/product_tag?post=7202"}],"curies":[{"name":"wp","href":"https:\/\/api.w.org\/{rel}","templated":true}]}}